{"id":150,"date":"2024-01-06T17:30:56","date_gmt":"2024-01-06T17:30:56","guid":{"rendered":"https:\/\/hhogas.rs\/?page_id=150"},"modified":"2024-08-30T06:35:03","modified_gmt":"2024-08-30T06:35:03","slug":"homepage","status":"publish","type":"page","link":"https:\/\/hhogas.rs\/","title":{"rendered":"Po\u010detna stranica"},"content":{"rendered":"<p>[et_pb_section fb_built=&#8220;1&#8243; _builder_version=&#8220;4.24.0&#8243; _module_preset=&#8220;default&#8220; background_image=&#8220;https:\/\/hhogas.rs\/wp-content\/uploads\/2024\/07\/Hydrogen-chemistry.jpg&#8220; min_height=&#8220;100vh&#8220; custom_padding=&#8220;||5px|||&#8220; global_colors_info=&#8220;{}&#8220;][et_pb_row column_structure=&#8220;1_2,1_2&#8243; _builder_version=&#8220;4.22.2&#8243; _module_preset=&#8220;default&#8220; hover_enabled=&#8220;0&#8243; global_colors_info=&#8220;{}&#8220; sticky_enabled=&#8220;0&#8243;][et_pb_column type=&#8220;1_2&#8243; _builder_version=&#8220;4.22.2&#8243; _module_preset=&#8220;default&#8220; global_colors_info=&#8220;{}&#8220;][\/et_pb_column][et_pb_column type=&#8220;1_2&#8243; _builder_version=&#8220;4.22.2&#8243; _module_preset=&#8220;default&#8220; global_colors_info=&#8220;{}&#8220;][et_pb_text _builder_version=&#8220;4.24.0&#8243; _module_preset=&#8220;default&#8220; text_font=&#8220;Roboto||||||||&#8220; text_text_color=&#8220;#000119&#8243; text_font_size=&#8220;16px&#8220; header_2_font=&#8220;Roboto||||||||&#8220; header_2_text_color=&#8220;#FFFFFF&#8220; header_2_font_size=&#8220;30px&#8220; hover_enabled=&#8220;0&#8243; global_colors_info=&#8220;{}&#8220; sticky_enabled=&#8220;0&#8243; header_text_color=&#8220;#01001e&#8220;]<\/p>\n<h1 style=\"text-align: left;\"><strong style=\"font-size: 16px; color: #000119;\">VODONIK GENERATORI ZA UGRADNJU U SVA VOZILA<\/strong><\/h1>\n<p><strong>Ugradnjom u automobile, kombije, kamione, autobuse, agregate, ma\u0161ine ili plovila sa svim tipovima dizel i benzinskih motora<\/strong><\/p>\n<p><strong>\u00a0 \u00a0\u2013 Pove\u0107anje snage do 30%<br \/>\u2013 U\u0161tedu dizel i benzin goriva do 30%<br \/>\u2013 Smanjenje \u0161tetnih izduvnih gasova do 90%<br \/>\u2013 Stalna dekarbonizacija motora vodonikom<br \/>\u2013 DPF filter smanjuje broj regenracija zbog \u010distijeg sagorevanja<br \/>\u2013 Prestaje da tro\u0161i AdBlue (ako ima tu Euro normu)<br \/>\u2013 \u010cisti motor, ventile, klipove, EGER ventil, katalizator i td\u2026<\/strong><br \/><strong>\u00a0 \u00a0\u2013 Patentiran i atestiran proizvod<\/strong><br \/><strong>\u00a0 \u00a0\u2013 Garancija 24 meseca<\/strong><\/p>\n<p><span style=\"font-weight: 400;\"><\/span><\/p>\n<p>[\/et_pb_text][et_pb_button button_url=&#8220;tel:+381658550009&#8243; button_text=&#8220;+381 63 777 2663&#8243; _builder_version=&#8220;4.24.0&#8243; _module_preset=&#8220;default&#8220; custom_button=&#8220;on&#8220; button_text_color=&#8220;#FFFFFF&#8220; button_bg_use_color_gradient=&#8220;on&#8220; button_border_radius=&#8220;25px&#8220; global_colors_info=&#8220;{}&#8220;][\/et_pb_button][\/et_pb_column][\/et_pb_row][\/et_pb_section][et_pb_section fb_built=&#8220;1&#8243; _builder_version=&#8220;4.23.4&#8243; _module_preset=&#8220;default&#8220; background_color=&#8220;#e3e5e5&#8243; custom_padding=&#8220;74px|||||&#8220; global_colors_info=&#8220;{}&#8220;][et_pb_row column_structure=&#8220;1_2,1_2&#8243; use_custom_gutter=&#8220;on&#8220; gutter_width=&#8220;1&#8243; make_equal=&#8220;on&#8220; _builder_version=&#8220;4.24.0&#8243; _module_preset=&#8220;default&#8220; background_color=&#8220;#FFFFFF&#8220; custom_padding=&#8220;0px||0px||true|false&#8220; link_option_url=&#8220;https:\/\/hhogas.rs\/index.php\/masine-za-dekarbonizaciju\/&#8220; global_colors_info=&#8220;{}&#8220;][et_pb_column type=&#8220;1_2&#8243; _builder_version=&#8220;4.22.2&#8243; _module_preset=&#8220;default&#8220; global_colors_info=&#8220;{}&#8220;][et_pb_image src=&#8220;https:\/\/hhogas.rs\/wp-content\/uploads\/2024\/01\/PhotoRoom-20230329_230046.jpg&#8220; title_text=&#8220;PhotoRoom-20230329_230046&#8243; _builder_version=&#8220;4.23.4&#8243; _module_preset=&#8220;default&#8220; global_colors_info=&#8220;{}&#8220;][\/et_pb_image][\/et_pb_column][et_pb_column type=&#8220;1_2&#8243; _builder_version=&#8220;4.23.4&#8243; _module_preset=&#8220;default&#8220; custom_padding=&#8220;20px|20px|20px|20px|true|true&#8220; global_colors_info=&#8220;{}&#8220;][et_pb_text _builder_version=&#8220;4.23.4&#8243; _module_preset=&#8220;default&#8220; text_font=&#8220;Roboto||||||||&#8220; text_text_color=&#8220;#000000&#8243; text_font_size=&#8220;16px&#8220; header_2_font=&#8220;Roboto||||||||&#8220; header_2_text_color=&#8220;#000000&#8243; header_2_font_size=&#8220;30px&#8220; global_colors_info=&#8220;{}&#8220;]<\/p>\n<h2><span style=\"font-weight: 400;\">Proizvodimo ma\u0161ine za dekarbonizaciju motora vodonikom\u00a0<\/span><\/h2>\n<p><span style=\"font-weight: 400;\">Mo\u017eete kupiti jednu od tri nova tipa ma\u0161ina za dekarbonizaciju motora vodonikom &#8222;CARBON CLEANING MACHINES&#8220;<br \/><span>\u041c\u0430\u0448\u0438\u043d\u0430 \u0437\u0430 \u0434\u0435\u043a\u0430\u0440\u0431\u043e\u043d\u0438\u0437\u0430\u0446\u0438\u0458\u0443 \u0458\u0435 \u0435\u043b\u0435\u043a\u0442\u0440\u0438\u0447\u043d\u0438 \u0443\u0440\u0435\u0452\u0430\u0458 \u043a\u043e\u0458\u0438 \u0441\u043b\u0443\u0436\u0438 \u0437\u0430 \u043f\u0440\u043e\u0438\u0437\u0432\u043e\u0434\u045a\u0443 \u0432\u043e\u0434\u043e\u043d\u0438\u043a\u0430 \u0438\u0437 \u0434\u0435\u0441\u0442\u0438\u043b\u043e\u0432\u0430\u043d\u0435 \u0432\u043e\u0434\u0435. \u041c\u0430\u0448\u0438\u043d\u0430 \u043f\u0440\u043e\u0438\u0437\u0432\u043e\u0434\u0438 (HHO) \u0433\u0430\u0441 \u0443 \u043a\u043e\u043c\u0435 \u0441\u0435 \u0437\u0430\u0458\u0435\u0434\u043d\u043e \u043d\u0430\u043b\u0430\u0437\u0435 \u0438 \u0432\u043e\u0434\u043e\u043d\u0438\u043a \u0438 \u043a\u0438\u0441\u0435\u043e\u043d\u0438\u043a. \u041a\u0438\u0441\u0435\u043e\u043d\u0438\u043a \u043d\u0438\u0458\u0435 \u0431\u0438\u0442\u0430\u043d \u0437\u0430 \u043f\u0440\u043e\u0446\u0435\u0441 \u0434\u0435\u043a\u0430\u0440\u0431\u043e\u043d\u0438\u0437\u0430\u0446\u0438\u0458\u0435 \u043c\u043e\u0442\u043e\u0440\u0430, \u0442\u0430\u043a\u043e \u0434\u0430 \u0443 \u0431\u0443\u0434\u0443\u045b\u0435 \u0443 \u0441\u0432\u0438\u043c \u043e\u043f\u0438\u0441\u0438\u043c\u0430 \u045b\u0435 \u0441\u0435 \u043d\u0430\u0432\u043e\u0434\u0438\u0442\u0438 \u0441\u0430\u043c\u043e \u0432\u043e\u0434\u043e\u043d\u0438\u043a.<\/span><\/span><\/p>\n<p><span style=\"font-weight: 400;\">U na\u0161im servisima radimo uslugu \u010di\u0161\u0107enja motora vodonikom, popularno DEKARBONIZACIJA.<br \/>Dekarbonizacija je usluga \u010di\u0161\u0107enja dizel ili benzinskog motora vodonikom, koja se obavlja HHO gasom koji se stvara u ovoj ma\u0161ini.<br \/>Dekarbonizacija:<br \/>\u00a0 \u00a0&#8212; Traje od 30 do 45 minuta<br \/>\u00a0 \u00a0&#8212; Vodonik \u010disti unutra\u0161nji deo cillindra i sve delove izduvnog sistema<br \/>\u00a0 \u00a0&#8212; Vodonik \u010disti <span style=\"font-size: 16px; background-color: #ffffff;\">DPF filter koji nakon dekarbonkizacije smanjuje broj regeneracija<\/span><br \/><span>\u00a0 \u00a0\u2013 Nakon dekarbonizacije, motor prestaje da tro\u0161i AdBlue (ako ima tu Euro normu)<\/span><\/span><span style=\"font-weight: 400;\"><span><br \/>\u00a0 \u00a0&#8212;\u00a0 Patentiran proizvod<br \/>\u00a0 \u00a0&#8212; Garancija 24 meseca<\/span><\/span><\/p>\n<p><span style=\"font-weight: 400;\"><\/span><\/p>\n<p>[\/et_pb_text][\/et_pb_column][\/et_pb_row][\/et_pb_section][et_pb_section fb_built=&#8220;1&#8243; _builder_version=&#8220;4.24.0&#8243; _module_preset=&#8220;default&#8220; custom_padding=&#8220;17px|||||&#8220; locked=&#8220;off&#8220; global_colors_info=&#8220;{}&#8220;][et_pb_row column_structure=&#8220;1_4,1_4,1_4,1_4&#8243; _builder_version=&#8220;4.24.0&#8243; _module_preset=&#8220;default&#8220; custom_padding=&#8220;||0px|||&#8220; global_colors_info=&#8220;{}&#8220;][et_pb_column type=&#8220;1_4&#8243; _builder_version=&#8220;4.24.0&#8243; _module_preset=&#8220;default&#8220; global_colors_info=&#8220;{}&#8220;][et_pb_text _builder_version=&#8220;4.24.0&#8243; _module_preset=&#8220;default&#8220; link_option_url=&#8220;https:\/\/hhogas.rs\/index.php\/hg-80-vodonik-generator\/&#8220; global_colors_info=&#8220;{}&#8220;]<\/p>\n<h4 style=\"text-align: left;\"><strong>Vodonik Generator<br \/>HG80<\/strong><\/h4>\n<p style=\"text-align: left;\"><span>Za automobile, d\u017eipove, kombije, agregate, radne ma\u0161ine, traktore i sva vozila sa svim tipovima dizel i benzinskih motorima zapremine od 500cm\u00b3 do 2.500cm\u00b3<br \/><\/span><span>Proizvodi do 80L \u201eHHO\u201c gasa na \u010das<\/span><\/p>\n<p>[\/et_pb_text][et_pb_image src=&#8220;https:\/\/hhogas.rs\/wp-content\/uploads\/2024\/01\/HG80.jpg&#8220; title_text=&#8220;HG80&#8243; url=&#8220;https:\/\/hhogas.rs\/index.php\/hg-80-vodonik-generator\/&#8220; align=&#8220;center&#8220; _builder_version=&#8220;4.24.0&#8243; _module_preset=&#8220;default&#8220; max_height=&#8220;272px&#8220; global_colors_info=&#8220;{}&#8220;][\/et_pb_image][et_pb_button button_url=&#8220;https:\/\/hhogas.rs\/index.php\/hg-80-vodonik-generator\/&#8220; button_text=&#8220;Detaljnije Vodonik Generator HG80&#8243; button_alignment=&#8220;center&#8220; _builder_version=&#8220;4.24.0&#8243; _module_preset=&#8220;default&#8220; custom_button=&#8220;on&#8220; button_text_size=&#8220;18px&#8220; button_text_color=&#8220;#FFFFFF&#8220; button_bg_use_color_gradient=&#8220;on&#8220; button_border_radius=&#8220;25px&#8220; button_font=&#8220;Roboto||||||||&#8220; locked=&#8220;off&#8220; global_colors_info=&#8220;{}&#8220;][\/et_pb_button][\/et_pb_column][et_pb_column type=&#8220;1_4&#8243; _builder_version=&#8220;4.24.0&#8243; _module_preset=&#8220;default&#8220; global_colors_info=&#8220;{}&#8220;][et_pb_text _builder_version=&#8220;4.24.0&#8243; _module_preset=&#8220;default&#8220; link_option_url=&#8220;https:\/\/hhogas.rs\/index.php\/hg-150-vodonik-generator\/&#8220; global_colors_info=&#8220;{}&#8220;]<\/p>\n<h4 style=\"text-align: left;\"><strong>Vodonik Generator HG150<\/strong><\/h4>\n<p style=\"text-align: left;\"><span>Za automobile, d\u017eipove, kombije, manja teretna, radne ma\u0161ine, traktore i sva vozila sa svim tipovima dizel i benzinskih motorima zapremine od 2.500cm\u00b3 do 5.500cm\u00b3<br \/><\/span><span>Proizvodi do 150L \u201eHHO\u201c gasa na \u010das<\/span><\/p>\n<p>[\/et_pb_text][et_pb_image src=&#8220;https:\/\/hhogas.rs\/wp-content\/uploads\/2024\/03\/IMG_20240312_161223.jpg&#8220; title_text=&#8220;IMG_20240312_161223&#8243; url=&#8220;https:\/\/hhogas.rs\/index.php\/hg-150-vodonik-generator\/&#8220; align=&#8220;center&#8220; _builder_version=&#8220;4.24.0&#8243; _module_preset=&#8220;default&#8220; global_colors_info=&#8220;{}&#8220;][\/et_pb_image][et_pb_button button_url=&#8220;https:\/\/hhogas.rs\/index.php\/hg-150-vodonik-generator\/&#8220; button_text=&#8220;Detaljnije Vodonik Generator HG150&#8243; button_alignment=&#8220;center&#8220; _builder_version=&#8220;4.24.0&#8243; _module_preset=&#8220;default&#8220; custom_button=&#8220;on&#8220; button_text_size=&#8220;18px&#8220; button_text_color=&#8220;#FFFFFF&#8220; button_bg_use_color_gradient=&#8220;on&#8220; button_border_radius=&#8220;25px&#8220; button_font=&#8220;Roboto||||||||&#8220; locked=&#8220;off&#8220; global_colors_info=&#8220;{}&#8220;][\/et_pb_button][\/et_pb_column][et_pb_column type=&#8220;1_4&#8243; _builder_version=&#8220;4.24.0&#8243; _module_preset=&#8220;default&#8220; global_colors_info=&#8220;{}&#8220;][et_pb_text _builder_version=&#8220;4.24.0&#8243; _module_preset=&#8220;default&#8220; link_option_url=&#8220;https:\/\/hhogas.rs\/index.php\/hg-300-vodonik-generator\/&#8220; global_colors_info=&#8220;{}&#8220;]<\/p>\n<h4 style=\"text-align: left;\"><strong>Vodonik Generator HG300<\/strong><\/h4>\n<p style=\"text-align: left;\"><span>Za kamione, autobuse, agregate, plovila, radne ma\u0161ine i sva vozila sa svim tipovima dizel i benzinskih motorima zapremine od 5.000cm\u00b3 do 10.000cm\u00b3<br \/><\/span><span>Proizvodi do 300L \u201eHHO\u201c gasa na \u010das<\/span><\/p>\n<p>[\/et_pb_text][et_pb_image src=&#8220;https:\/\/hhogas.rs\/wp-content\/uploads\/2024\/01\/HG300.12.jpg&#8220; title_text=&#8220;HG300.12&#8243; url=&#8220;https:\/\/hhogas.rs\/index.php\/hg-300-vodonik-generator\/&#8220; align=&#8220;center&#8220; _builder_version=&#8220;4.24.0&#8243; _module_preset=&#8220;default&#8220; max_height=&#8220;295px&#8220; global_colors_info=&#8220;{}&#8220;][\/et_pb_image][et_pb_button button_url=&#8220;https:\/\/hhogas.rs\/index.php\/hg-300-vodonik-generator\/&#8220; button_text=&#8220;Detaljnije Vodonik Generator HG300&#8243; button_alignment=&#8220;center&#8220; _builder_version=&#8220;4.24.0&#8243; _module_preset=&#8220;default&#8220; custom_button=&#8220;on&#8220; button_text_size=&#8220;18px&#8220; button_text_color=&#8220;#FFFFFF&#8220; button_bg_use_color_gradient=&#8220;on&#8220; button_border_radius=&#8220;25px&#8220; button_font=&#8220;Roboto||||||||&#8220; locked=&#8220;off&#8220; global_colors_info=&#8220;{}&#8220;][\/et_pb_button][\/et_pb_column][et_pb_column type=&#8220;1_4&#8243; _builder_version=&#8220;4.24.0&#8243; _module_preset=&#8220;default&#8220; global_colors_info=&#8220;{}&#8220;][et_pb_text _builder_version=&#8220;4.24.0&#8243; _module_preset=&#8220;default&#8220; link_option_url=&#8220;https:\/\/hhogas.rs\/index.php\/hg-500-vodonik-generator\/&#8220; global_colors_info=&#8220;{}&#8220;]<\/p>\n<h4 style=\"text-align: left;\"><strong>Vodonik Generator HG500<\/strong><\/h4>\n<p style=\"text-align: left;\"><span>Za kamione, autobuse, agregate, radne ma\u0161ine, brodove i sva vozila sa svim tipovima dizel i benzinskih motorima zapremine od 10.000cm\u00b3 do 16.000cm\u00b3<br \/><\/span><span>Proizvodi do 500L \u201eHHO\u201c gasa na \u010das<\/span><\/p>\n<p>[\/et_pb_text][et_pb_image src=&#8220;https:\/\/hhogas.rs\/wp-content\/uploads\/2024\/01\/HG500.6.jpg&#8220; title_text=&#8220;HG500.6&#8243; url=&#8220;https:\/\/hhogas.rs\/index.php\/hg-500-vodonik-generator\/&#8220; align=&#8220;center&#8220; _builder_version=&#8220;4.24.0&#8243; _module_preset=&#8220;default&#8220; max_height=&#8220;1000px&#8220; custom_padding=&#8220;||24px||false|false&#8220; global_colors_info=&#8220;{}&#8220;][\/et_pb_image][et_pb_button button_url=&#8220;https:\/\/hhogas.rs\/index.php\/hg-500-vodonik-generator\/&#8220; button_text=&#8220;Detaljnije Vodonik Generator HG500&#8243; button_alignment=&#8220;center&#8220; _builder_version=&#8220;4.24.0&#8243; _module_preset=&#8220;default&#8220; custom_button=&#8220;on&#8220; button_text_size=&#8220;18px&#8220; button_text_color=&#8220;#FFFFFF&#8220; button_bg_use_color_gradient=&#8220;on&#8220; button_border_radius=&#8220;25px&#8220; button_font=&#8220;Roboto||||||||&#8220; locked=&#8220;off&#8220; global_colors_info=&#8220;{}&#8220;][\/et_pb_button][\/et_pb_column][\/et_pb_row][\/et_pb_section][et_pb_section fb_built=&#8220;1&#8243; _builder_version=&#8220;4.24.0&#8243; _module_preset=&#8220;default&#8220; min_height=&#8220;160.8px&#8220; custom_padding=&#8220;0px||1px|||&#8220; locked=&#8220;off&#8220; global_colors_info=&#8220;{}&#8220;][et_pb_row column_structure=&#8220;1_3,1_3,1_3&#8243; _builder_version=&#8220;4.24.0&#8243; _module_preset=&#8220;default&#8220; min_height=&#8220;76.8px&#8220; custom_padding=&#8220;||37px|||&#8220; global_colors_info=&#8220;{}&#8220;][et_pb_column type=&#8220;1_3&#8243; _builder_version=&#8220;4.24.0&#8243; _module_preset=&#8220;default&#8220; global_colors_info=&#8220;{}&#8220;][et_pb_text _builder_version=&#8220;4.24.0&#8243; _module_preset=&#8220;default&#8220; min_height=&#8220;36.8px&#8220; link_option_url=&#8220;https:\/\/hhogas.rs\/index.php\/hd1200\/&#8220; global_colors_info=&#8220;{}&#8220;]<\/p>\n<h2 style=\"text-align: center;\"><strong>HD1200<\/strong><\/h2>\n<p style=\"text-align: center;\">Za motore zapremine do <strong>6.000cm3<\/strong><br \/>Proizvodi <strong>1200<\/strong> litra HHO gasa na \u010das<\/p>\n<p>[\/et_pb_text][et_pb_image src=&#8220;https:\/\/hhogas.rs\/wp-content\/uploads\/2024\/03\/IMG_20240312_131305.png&#8220; title_text=&#8220;IMG_20240312_131305&#8243; url=&#8220;https:\/\/hhogas.rs\/index.php\/hd1200\/&#8220; align=&#8220;center&#8220; _builder_version=&#8220;4.24.0&#8243; _module_preset=&#8220;default&#8220; module_alignment=&#8220;center&#8220; max_height=&#8220;325px&#8220; global_colors_info=&#8220;{}&#8220;][\/et_pb_image][et_pb_button button_url=&#8220;https:\/\/hhogas.rs\/index.php\/hd1200\/&#8220; button_text=&#8220;Detaljnije o ma\u0161ini HD1200&#8243; button_alignment=&#8220;center&#8220; _builder_version=&#8220;4.24.0&#8243; _module_preset=&#8220;default&#8220; custom_button=&#8220;on&#8220; button_text_size=&#8220;18px&#8220; button_text_color=&#8220;#FFFFFF&#8220; button_bg_use_color_gradient=&#8220;on&#8220; button_border_radius=&#8220;25px&#8220; button_font=&#8220;Roboto||||||||&#8220; locked=&#8220;off&#8220; global_colors_info=&#8220;{}&#8220;][\/et_pb_button][\/et_pb_column][et_pb_column type=&#8220;1_3&#8243; _builder_version=&#8220;4.24.0&#8243; _module_preset=&#8220;default&#8220; global_colors_info=&#8220;{}&#8220;][et_pb_text _builder_version=&#8220;4.24.0&#8243; _module_preset=&#8220;default&#8220; custom_padding=&#8220;||0px|||&#8220; link_option_url=&#8220;https:\/\/hhogas.rs\/index.php\/hd2400\/&#8220; global_colors_info=&#8220;{}&#8220;]<\/p>\n<h2 style=\"text-align: center;\"><span><strong>HD2400<\/strong> <\/span><\/h2>\n<p style=\"text-align: center;\"><span>Za motore zapremine do <strong>12.000cm3<\/strong><br \/><\/span><span>Proizvodi <strong>2400<\/strong> litra HHO gasa na \u010das<\/span><\/p>\n<p>[\/et_pb_text][et_pb_image src=&#8220;https:\/\/hhogas.rs\/wp-content\/uploads\/2024\/03\/HD2400.jpg&#8220; title_text=&#8220;HD2400&#8243; url=&#8220;https:\/\/hhogas.rs\/index.php\/hd2400\/&#8220; align=&#8220;center&#8220; _builder_version=&#8220;4.24.0&#8243; _module_preset=&#8220;default&#8220; max_height=&#8220;325px&#8220; global_colors_info=&#8220;{}&#8220;][\/et_pb_image][et_pb_button button_url=&#8220;https:\/\/hhogas.rs\/index.php\/hd2400\/&#8220; button_text=&#8220;Detaljnije o ma\u0161ini HD2400&#8243; button_alignment=&#8220;center&#8220; _builder_version=&#8220;4.24.0&#8243; _module_preset=&#8220;default&#8220; custom_button=&#8220;on&#8220; button_text_size=&#8220;18px&#8220; button_text_color=&#8220;#FFFFFF&#8220; button_bg_use_color_gradient=&#8220;on&#8220; button_border_radius=&#8220;25px&#8220; button_font=&#8220;Roboto||||||||&#8220; locked=&#8220;off&#8220; global_colors_info=&#8220;{}&#8220;][\/et_pb_button][\/et_pb_column][et_pb_column type=&#8220;1_3&#8243; _builder_version=&#8220;4.24.0&#8243; _module_preset=&#8220;default&#8220; global_colors_info=&#8220;{}&#8220;][et_pb_text _builder_version=&#8220;4.24.0&#8243; _module_preset=&#8220;default&#8220; min_height=&#8220;45.8px&#8220; custom_padding=&#8220;||9px|||&#8220; link_option_url=&#8220;https:\/\/hhogas.rs\/index.php\/hd3600\/&#8220; global_colors_info=&#8220;{}&#8220;]<\/p>\n<h2 style=\"text-align: center;\"><strong>HD3600<\/strong><\/h2>\n<p style=\"text-align: center;\">Za motore zapremine do <strong>18.000cm3<\/strong><br \/>Proizvodi <strong>3600 <\/strong>litra HHO gasa na \u010das<\/p>\n<p>[\/et_pb_text][et_pb_image src=&#8220;https:\/\/hhogas.rs\/wp-content\/uploads\/2024\/03\/HD3600.jpg&#8220; title_text=&#8220;HD3600&#8243; url=&#8220;https:\/\/hhogas.rs\/index.php\/hd3600\/&#8220; align=&#8220;center&#8220; _builder_version=&#8220;4.24.0&#8243; _module_preset=&#8220;default&#8220; max_height=&#8220;315px&#8220; global_colors_info=&#8220;{}&#8220;][\/et_pb_image][et_pb_button button_url=&#8220;https:\/\/hhogas.rs\/index.php\/hd3600\/&#8220; button_text=&#8220;Detaljnije o ma\u0161ini HD3600&#8243; button_alignment=&#8220;center&#8220; _builder_version=&#8220;4.24.0&#8243; _module_preset=&#8220;default&#8220; custom_button=&#8220;on&#8220; button_text_size=&#8220;18px&#8220; button_text_color=&#8220;#FFFFFF&#8220; button_bg_use_color_gradient=&#8220;on&#8220; button_border_radius=&#8220;25px&#8220; button_font=&#8220;Roboto||||||||&#8220; locked=&#8220;off&#8220; global_colors_info=&#8220;{}&#8220;][\/et_pb_button][\/et_pb_column][\/et_pb_row][\/et_pb_section][et_pb_section fb_built=&#8220;1&#8243; module_id=&#8220;bg&#8220; _builder_version=&#8220;4.24.0&#8243; _module_preset=&#8220;default&#8220; background_color=&#8220;#000000&#8243; background_image=&#8220;https:\/\/hhogas.rs\/wp-content\/uploads\/2024\/01\/266398741_426820562417662_8463635552681506220_n-1.jpg&#8220; background_position=&#8220;center_left&#8220; min_height=&#8220;122vh&#8220; custom_padding=&#8220;||39px|||&#8220; background_last_edited=&#8220;on|phone&#8220; background_size_phone=&#8220;cover&#8220; background_position_phone=&#8220;center&#8220; custom_css_free_form=&#8220;||&#8220; global_colors_info=&#8220;{}&#8220; background__hover_enabled=&#8220;on|desktop&#8220;][et_pb_row column_structure=&#8220;1_3,1_3,1_3&#8243; _builder_version=&#8220;4.22.2&#8243; _module_preset=&#8220;default&#8220; global_colors_info=&#8220;{}&#8220;][et_pb_column type=&#8220;1_3&#8243; _builder_version=&#8220;4.24.0&#8243; _module_preset=&#8220;default&#8220; global_colors_info=&#8220;{}&#8220;][et_pb_text _builder_version=&#8220;4.24.0&#8243; _module_preset=&#8220;default&#8220; text_text_color=&#8220;#FFFFFF&#8220; header_text_color=&#8220;#FFFFFF&#8220; background_color=&#8220;#666666&#8243; background_layout=&#8220;dark&#8220; custom_margin=&#8220;0px|-37px||0px|false|false&#8220; custom_padding=&#8220;35px|29px|28px|38px|false|false&#8220; global_colors_info=&#8220;{}&#8220;]<\/p>\n<h3 style=\"text-align: justify;\"><span style=\"font-weight: 400;\">Ostvarite do 30% u\u0161tedu goriva<\/span><\/h3>\n<p style=\"text-align: justify;\"><span style=\"font-weight: 400;\">Iskoristite HG vodonik generator za automobile, kombije, kamione, autobuse, agregate, ma\u0161ine ili plovila da smanjite potro\u0161nju goriva i produ\u017eite radni vek motora<\/span><\/p>\n<p>[\/et_pb_text][\/et_pb_column][et_pb_column type=&#8220;1_3&#8243; _builder_version=&#8220;4.22.2&#8243; _module_preset=&#8220;default&#8220; global_colors_info=&#8220;{}&#8220;][\/et_pb_column][et_pb_column type=&#8220;1_3&#8243; _builder_version=&#8220;4.22.2&#8243; _module_preset=&#8220;default&#8220; global_colors_info=&#8220;{}&#8220;][et_pb_button button_text=&#8220;+381 63 777 2663&#8243; _builder_version=&#8220;4.24.0&#8243; _module_preset=&#8220;default&#8220; custom_button=&#8220;on&#8220; button_text_color=&#8220;#FFFFFF&#8220; button_bg_use_color_gradient=&#8220;on&#8220; button_border_radius=&#8220;25px&#8220; global_colors_info=&#8220;{}&#8220;][\/et_pb_button][\/et_pb_column][\/et_pb_row][\/et_pb_section][et_pb_section fb_built=&#8220;1&#8243; fullwidth=&#8220;on&#8220; _builder_version=&#8220;4.24.0&#8243; _module_preset=&#8220;default&#8220; min_height=&#8220;41px&#8220; custom_padding=&#8220;0px||0px|||&#8220; global_colors_info=&#8220;{}&#8220;][\/et_pb_section]<\/p>\n","protected":false},"excerpt":{"rendered":"<p>VODONIK GENERATORI ZA UGRADNJU U SVA VOZILA Ugradnjom u automobile, kombije, kamione, autobuse, agregate, ma\u0161ine ili plovila sa svim tipovima dizel i benzinskih motora \u00a0 \u00a0\u2013 Pove\u0107anje snage do 30%\u2013 U\u0161tedu dizel i benzin goriva do 30%\u2013 Smanjenje \u0161tetnih izduvnih gasova do 90%\u2013 Stalna dekarbonizacija motora vodonikom\u2013 DPF filter smanjuje broj regenracija zbog \u010distijeg sagorevanja\u2013 [&hellip;]<\/p>\n","protected":false},"author":2,"featured_media":1144,"parent":0,"menu_order":0,"comment_status":"closed","ping_status":"closed","template":"","meta":{"_et_pb_use_builder":"on","_et_pb_old_content":"","_et_gb_content_width":"","footnotes":""},"class_list":["post-150","page","type-page","status-publish","has-post-thumbnail","hentry"],"_links":{"self":[{"href":"https:\/\/hhogas.rs\/index.php\/wp-json\/wp\/v2\/pages\/150","targetHints":{"allow":["GET"]}}],"collection":[{"href":"https:\/\/hhogas.rs\/index.php\/wp-json\/wp\/v2\/pages"}],"about":[{"href":"https:\/\/hhogas.rs\/index.php\/wp-json\/wp\/v2\/types\/page"}],"author":[{"embeddable":true,"href":"https:\/\/hhogas.rs\/index.php\/wp-json\/wp\/v2\/users\/2"}],"replies":[{"embeddable":true,"href":"https:\/\/hhogas.rs\/index.php\/wp-json\/wp\/v2\/comments?post=150"}],"version-history":[{"count":66,"href":"https:\/\/hhogas.rs\/index.php\/wp-json\/wp\/v2\/pages\/150\/revisions"}],"predecessor-version":[{"id":1215,"href":"https:\/\/hhogas.rs\/index.php\/wp-json\/wp\/v2\/pages\/150\/revisions\/1215"}],"wp:featuredmedia":[{"embeddable":true,"href":"https:\/\/hhogas.rs\/index.php\/wp-json\/wp\/v2\/media\/1144"}],"wp:attachment":[{"href":"https:\/\/hhogas.rs\/index.php\/wp-json\/wp\/v2\/media?parent=150"}],"curies":[{"name":"wp","href":"https:\/\/api.w.org\/{rel}","templated":true}]}}