{"id":238,"date":"2024-01-07T15:44:19","date_gmt":"2024-01-07T15:44:19","guid":{"rendered":"https:\/\/hhogas.rs\/?page_id=238"},"modified":"2025-01-12T17:14:04","modified_gmt":"2025-01-12T17:14:04","slug":"o-nama","status":"publish","type":"page","link":"https:\/\/hhogas.rs\/index.php\/o-nama\/","title":{"rendered":"O nama"},"content":{"rendered":"<p>[et_pb_section fb_built=&#8220;1&#8243; _builder_version=&#8220;4.22.2&#8243; _module_preset=&#8220;default&#8220; global_colors_info=&#8220;{}&#8220;][et_pb_row column_structure=&#8220;1_2,1_2&#8243; _builder_version=&#8220;4.22.2&#8243; _module_preset=&#8220;default&#8220; global_colors_info=&#8220;{}&#8220;][et_pb_column type=&#8220;1_2&#8243; _builder_version=&#8220;4.22.2&#8243; _module_preset=&#8220;default&#8220; global_colors_info=&#8220;{}&#8220;][et_pb_image src=&#8220;https:\/\/hhogas.rs\/wp-content\/uploads\/2024\/01\/HD1200Cedomir.png&#8220; title_text=&#8220;HD1200Cedomir&#8220; align=&#8220;center&#8220; _builder_version=&#8220;4.24.0&#8243; _module_preset=&#8220;default&#8220; width=&#8220;25%&#8220; max_height=&#8220;407px&#8220; hover_enabled=&#8220;0&#8243; global_colors_info=&#8220;{}&#8220; sticky_enabled=&#8220;0&#8243;][\/et_pb_image][\/et_pb_column][et_pb_column type=&#8220;1_2&#8243; _builder_version=&#8220;4.22.2&#8243; _module_preset=&#8220;default&#8220; global_colors_info=&#8220;{}&#8220;][et_pb_text _builder_version=&#8220;4.24.0&#8243; _module_preset=&#8220;default&#8220; text_font=&#8220;Roboto||||||||&#8220; text_text_color=&#8220;#000000&#8243; text_font_size=&#8220;16px&#8220; header_2_font=&#8220;Roboto||||||||&#8220; header_2_text_color=&#8220;#000000&#8243; header_2_font_size=&#8220;30px&#8220; width=&#8220;100%&#8220; custom_margin=&#8220;|-25px||-96px||&#8220; custom_padding=&#8220;|0px||||&#8220; global_colors_info=&#8220;{}&#8220;]<\/p>\n<h3><span style=\"font-weight: 400;\">\u017delimo da vam pomognemo da iskoristite pogon budu\u0107nosti<\/span><span style=\"font-weight: 400;\">\u00a0<\/span><\/h3>\n<p style=\"text-align: justify;\">\u041d\u0430\u0448\u0430 \u0444\u0438\u0440\u043c\u0430 \u201eHYDROGEN ENERGY\u201c, \u0441\u0430 \u0441\u0435\u0434\u0438\u0448\u0442\u0435\u043c \u0443 \u0411\u0435\u043e\u0433\u0440\u0430\u0434\u0443, \u0431\u0430\u0432\u0438 \u0441\u0435 \u0438\u0441\u043f\u0438\u0442\u0438\u0432\u0430\u045a\u0435\u043c \u043f\u0440\u0438\u043c\u0435\u043d\u0435 \u0435\u043d\u0435\u0440\u0433\u0438\u0458\u0435 \u0432\u043e\u0434\u043e\u043d\u0438\u043a\u0430, \u0438\u0437\u0443\u0447\u0430\u0432\u0430\u045a\u0435\u043c \u0435\u043b\u0435\u043a\u0442\u0440\u043e\u043b\u0438\u0437\u0435 \u0432\u043e\u0434\u0435, \u043f\u0440\u043e\u043d\u0430\u043b\u0430\u0436\u0435\u045a\u0435\u043c \u043d\u0430\u0458 \u0431\u043e\u0459\u0435 \u0435\u043b\u0435\u043a\u0442\u0440\u043e \u0445\u0435\u043c\u0438\u0458\u0441\u043a\u0435 \u043a\u043e\u043d\u0441\u0442\u0440\u0443\u043a\u0446\u0438\u0458\u0435 \u0433\u0435\u043d\u0435\u0440\u0430\u0442\u043e\u0440\u0430 \u0437\u0430 \u0435\u043b\u0435\u043a\u0442\u0440\u043e\u043b\u0438\u0437\u0443 \u0432\u043e\u0434\u0435 \u0438 \u0441\u0435\u0440\u0438\u0458\u0441\u043a\u043e\u043c \u043f\u0440\u043e\u0438\u0437\u0432\u043e\u0434\u045a\u043e\u043c \u0432\u043e\u0434\u043e\u043d\u0438\u043a \u0433\u0435\u043d\u0435\u0440\u0430\u0442\u043e\u0440\u0430 \u0438 \u043c\u0430\u0448\u0438\u043d\u0430 \u0437\u0430 \u0434\u0435\u043a\u0430\u0440\u0431\u043e\u043d\u0438\u0437\u0430\u0446\u0438\u0458\u0443 \u043c\u043e\u0442\u043e\u0440\u0430.<\/p>\n<p>[\/et_pb_text][\/et_pb_column][\/et_pb_row][et_pb_row _builder_version=&#8220;4.24.0&#8243; _module_preset=&#8220;default&#8220;][et_pb_column _builder_version=&#8220;4.24.0&#8243; _module_preset=&#8220;default&#8220; type=&#8220;4_4&#8243;][et_pb_text _builder_version=&#8220;4.24.0&#8243; _module_preset=&#8220;default&#8220; hover_enabled=&#8220;0&#8243; sticky_enabled=&#8220;0&#8243;]<\/p>\n<h3 style=\"text-align: center;\"><strong>NA\u0160I INOSTRANI PREDSTAVNICI I ZASTUPNICI ZA DR\u017dAVE<\/strong><\/h3>\n<p>[\/et_pb_text][\/et_pb_column][\/et_pb_row][et_pb_row _builder_version=&#8220;4.24.0&#8243; _module_preset=&#8220;default&#8220; column_structure=&#8220;1_4,1_4,1_4,1_4&#8243; hover_enabled=&#8220;0&#8243; sticky_enabled=&#8220;0&#8243; custom_padding=&#8220;||17px|||&#8220; custom_margin=&#8220;-7px|auto||auto||&#8220;][et_pb_column _builder_version=&#8220;4.24.0&#8243; _module_preset=&#8220;default&#8220; type=&#8220;1_4&#8243;][et_pb_text _builder_version=&#8220;4.24.0&#8243; _module_preset=&#8220;default&#8220; hover_enabled=&#8220;0&#8243; sticky_enabled=&#8220;0&#8243; custom_padding=&#8220;||0px|||&#8220; min_height=&#8220;140.8px&#8220; custom_margin=&#8220;||2px|||&#8220;]<\/p>\n<h3><strong>Slovak Republic<\/strong><\/h3>\n<p><strong>SECAR BRATISLAVA<br \/><\/strong>Street: Hattalova 12\/a,<br \/>831\u00a0 03 Bratislava<br \/>+421903443998<br \/><a href=\"mailto:secar@secar.sk\">secar@secar.sk<\/a><br \/><a href=\"http:\/\/www.secar.sk\" target=\"_blank\" rel=\"noopener\">www.secar.sk<\/a><\/p>\n<p><a href=\"mailto:jovanovic1989@gmx.de\"><\/a><\/p>\n<p>[\/et_pb_text][et_pb_image src=&#8220;https:\/\/hhogas.rs\/wp-content\/uploads\/2025\/01\/9362E7C4-054C-4A7E-B476-81BA6674DD93.jpeg&#8220; _builder_version=&#8220;4.24.0&#8243; _module_preset=&#8220;default&#8220; title_text=&#8220;9362E7C4-054C-4A7E-B476-81BA6674DD93&#8243; hover_enabled=&#8220;0&#8243; sticky_enabled=&#8220;0&#8243;][\/et_pb_image][\/et_pb_column][et_pb_column _builder_version=&#8220;4.24.0&#8243; _module_preset=&#8220;default&#8220; type=&#8220;1_4&#8243;][et_pb_text _builder_version=&#8220;4.24.0&#8243; _module_preset=&#8220;default&#8220; hover_enabled=&#8220;0&#8243; sticky_enabled=&#8220;0&#8243; custom_padding=&#8220;||0px|||&#8220; min_height=&#8220;140.8px&#8220; custom_margin=&#8220;||2px|||&#8220; locked=&#8220;off&#8220;]<\/p>\n<h3><strong>German, Austria, Italy<\/strong><\/h3>\n<p>Dejan Jovanovi\u0107<br \/>+4915251682943<br \/><a href=\"mailto:jovanovic1989@gmx.de\">jovanovic1989@gmx.de<\/a><\/p>\n<p>&nbsp;<\/p>\n<p>[\/et_pb_text][et_pb_image src=&#8220;https:\/\/hhogas.rs\/wp-content\/uploads\/2025\/01\/IMG-20250112-WA0000.jpg&#8220; _builder_version=&#8220;4.24.0&#8243; _module_preset=&#8220;default&#8220; title_text=&#8220;IMG-20250112-WA0000&#8243; hover_enabled=&#8220;0&#8243; sticky_enabled=&#8220;0&#8243; locked=&#8220;off&#8220;][\/et_pb_image][\/et_pb_column][et_pb_column _builder_version=&#8220;4.24.0&#8243; _module_preset=&#8220;default&#8220; type=&#8220;1_4&#8243;][\/et_pb_column][et_pb_column _builder_version=&#8220;4.24.0&#8243; _module_preset=&#8220;default&#8220; type=&#8220;1_4&#8243;][\/et_pb_column][\/et_pb_row][et_pb_row _builder_version=&#8220;4.22.2&#8243; _module_preset=&#8220;default&#8220; global_colors_info=&#8220;{}&#8220;][et_pb_column type=&#8220;4_4&#8243; _builder_version=&#8220;4.22.2&#8243; _module_preset=&#8220;default&#8220; global_colors_info=&#8220;{}&#8220;][et_pb_text _builder_version=&#8220;4.24.0&#8243; _module_preset=&#8220;default&#8220; global_colors_info=&#8220;{}&#8220;]<\/p>\n<p><span style=\"font-weight: 400;\"><strong>Preduzetni\u0161tvo<\/strong>, <strong>inovacija, pronala\u017eenje\u2026To su velike re\u010di.<\/strong> <br \/>Ali i tako velike ne mogu da opi\u0161u sre\u0107u koju sam ose\u0107ao, koju i dalje ose\u0107am, u svojoj radionici kada sam sastavio vodonik generator\u00a0<\/span><\/p>\n<p><span style=\"font-weight: 400;\">Od testiranja, sklapanja prvih modela, dobijanja priznanja, prola\u017eenja testova, za nekog ko zanima nauka i njena primena, bile su to velike stvari\u00a0<\/span><\/p>\n<p><span style=\"font-weight: 400;\">Dr\u017eao sam i mnogo predavanja, i mogao bih o ovome dugo da pi\u0161em i govorim, ali ni\u0161ta ne mo\u017ee da se meri kao poziv koje dobijam od ljudi koji koriste HG vodonik generator\u00a0<\/span><\/p>\n<p><span style=\"font-weight: 400;\">U ovom poslu sam pro\u0161ao mnogo isku\u0161enja, ali ni\u0161ta ne mo\u017ee da pobedi ose\u0107aj kada me pozovu i ka\u017eu:\u201dpa ovo stvarno radi\u201d.\u00a0<\/span><\/p>\n<p><span style=\"font-weight: 400;\">Nadam se da \u0107ete i vi otkriti taj ose\u0107aj za vas\u00a0<\/span><\/p>\n<p><span style=\"font-weight: 400;\">Ukoliko to \u017eelite, slobodno me kontaktirajte<\/span><\/p>\n<p>[\/et_pb_text][et_pb_text _builder_version=&#8220;4.24.0&#8243; _module_preset=&#8220;default&#8220; global_colors_info=&#8220;{}&#8220;]<\/p>\n<p><strong>\u041d\u0430\u0448\u0430 \u0444\u0438\u0440\u043c\u0430 \u201eHYDROGEN ENERGY\u201c, \u0441\u0430 \u0441\u0435\u0434\u0438\u0448\u0442\u0435\u043c \u0443 \u0411\u0435\u043e\u0433\u0440\u0430\u0434\u0443 \u0443 \u0421\u0440\u0431\u0438\u0458\u0438, \u0431\u0430\u0432\u0438 \u0441\u0435 \u0438\u0441\u043f\u0438\u0442\u0438\u0432\u0430\u045a\u0435\u043c \u043f\u0440\u0438\u043c\u0435\u043d\u0435 \u0435\u043d\u0435\u0440\u0433\u0438\u0458\u0435 \u0432\u043e\u0434\u043e\u043d\u0438\u043a\u0430<\/strong>, <br \/>\u0438\u0437\u0443\u0447\u0430\u0432\u0430\u045a\u0435\u043c \u0435\u043b\u0435\u043a\u0442\u0440\u043e\u043b\u0438\u0437\u0435 \u0432\u043e\u0434\u0435, \u0438\u043d\u0436\u0435\u045a\u0435\u0440\u0441\u043a\u0438\u043c \u0438\u0441\u043f\u0438\u0442\u0438\u0432\u0430\u045a\u0435\u043c \u043d\u0430\u0458\u0431\u043e\u0459\u0435 \u0435\u043b\u0435\u043a\u0442\u0440\u043e \u0445\u0435\u043c\u0438\u0458\u0441\u043a\u0435 \u043a\u043e\u043d\u0441\u0442\u0440\u0443\u043a\u0446\u0438\u0458\u0435 \u0433\u0435\u043d\u0435\u0440\u0430\u0442\u043e\u0440\u0430 \u0437\u0430 \u0435\u043b\u0435\u043a\u0442\u0440\u043e\u043b\u0438\u0437\u0443 \u0432\u043e\u0434\u0435 \u0438 \u0441\u0435\u0440\u0438\u0458\u0441\u043a\u043e\u043c \u043f\u0440\u043e\u0438\u0437\u0432\u043e\u0434\u045a\u043e\u043c \u0432\u043e\u0434\u043e\u043d\u0438\u043a \u0433\u0435\u043d\u0435\u0440\u0430\u0442\u043e\u0440\u0430 \u0438 \u043c\u0430\u0448\u0438\u043d\u0430 \u0437\u0430 \u0434\u0435\u043a\u0430\u0440\u0431\u043e\u043d\u0438\u0437\u0430\u0446\u0438\u0458\u0443 \u043c\u043e\u0442\u043e\u0440\u0430.<\/p>\n<p>\u0415\u043b\u0435\u043a\u0442\u0440\u043e\u043b\u0438\u0437\u043e\u043c \u0432\u043e\u0434\u0435 \u0438 \u0432\u043e\u0434\u043e\u043d\u0438\u043a\u043e\u043c \u0441\u0435 \u043f\u0440\u043e\u0444\u0435\u0441\u0438\u043e\u043d\u0430\u043b\u043d\u043e \u0431\u0430\u0432\u0438\u043c 15 \u0433\u043e\u0434\u0438\u043d\u0430, \u043e\u0434 2008. \u0433\u043e\u0434\u0438\u043d\u0435 \u0434\u043e \u0434\u0430\u043d\u0430\u0441.<\/p>\n<ol start=\"2010\">\n<li>\u0433\u043e\u0434\u0438\u043d\u0435 \u0441\u0430\u043c \u0438\u0437\u0431\u0430\u0446\u0438\u043e \u043d\u0430 \u0442\u0440\u0436\u0438\u0448\u0442\u0435 \u043f\u0440\u0438\u0432\u0438 \u0432\u043e\u0434\u043e\u043d\u0438\u043a \u0433\u0435\u043d\u0435\u0440\u0430\u0442\u043e\u0440 \u0443 \u0441\u0435\u0440\u0438\u0458\u0441\u043a\u043e\u0458 \u043f\u0440\u043e\u0438\u0437\u0432\u043e\u0434\u045a\u0438. \u041e\u0434 \u0442\u0430\u0434\u0430 \u0441\u0430\u043c \u043f\u0440\u043e\u0438\u0437\u0432\u0435\u043e \u0438 \u043f\u0440\u043e\u0434\u0430\u043e \u043d\u0435\u043a\u043e\u043b\u0438\u043a\u043e \u0445\u0438\u0459\u0430\u0434\u0430 \u0432\u043e\u0434\u043e\u043d\u0438\u043a \u0433\u0435\u043d\u0435\u0440\u0430\u0442\u043e\u0440\u0430 \u0438 \u043c\u0430\u0448\u0438\u043d\u0430 \u0437\u0430 \u0434\u0435\u043a\u0430\u0440\u0431\u043e\u043d\u0438\u0437\u0430\u0446\u0438\u0458\u0443 \u043c\u043e\u0442\u043e\u0440\u0430.<\/li>\n<\/ol>\n<p>\u041c\u043d\u043e\u0433\u0435 \u043c\u043e\u0458\u0435 \u0437\u0430\u0434\u043e\u0432\u043e\u0459\u043d\u0435 \u043c\u0443\u0448\u0442\u0435\u0440\u0438\u0458\u0435 \u0432\u043e\u0437\u0435 \u0432\u043e\u0437\u0438\u043b\u0430 \u0441\u0430 \u0443\u0433\u0440\u0430\u0452\u0435\u043d\u0438\u043c \u043d\u0430\u0448\u0438\u043c \u0432\u043e\u0434\u043e\u043d\u0438\u043a \u0433\u0435\u043d\u0435\u0440\u0430\u0442\u043e\u0440\u0438\u043c\u0430, \u043a\u043e\u0458\u0438 \u0441\u0443 \u043f\u0440\u043e\u0438\u0437\u0432\u0435\u0434\u0435\u043d\u0438, \u0458\u043e\u0448 \u0438\u0437 2010. \u0433\u043e\u0434\u0438\u043d\u0435. \u0414\u0430\u043a\u043b\u0435 \u043f\u0440\u0435\u043a\u043e 13 \u0433\u043e\u0434\u0438\u043d\u0430 \u0438\u0441\u043a\u0443\u0441\u0442\u0432\u0430 \u0438 \u0438\u0441\u043f\u0440\u0430\u0432\u043d\u0435 \u0443\u043f\u043e\u0442\u0440\u0435\u0431\u0435 \u043d\u0430\u0448\u0438\u0445 \u043f\u0440\u043e\u0438\u0437\u0432\u043e\u0434\u0430 \u043d\u0430 \u0432\u043e\u0437\u0438\u043b\u0438\u043c\u0430.<br \/>\u041c\u043e\u0458\u0438 \u043f\u0440\u0432\u0438 \u043c\u043e\u0434\u0435\u043b\u0438 \u043c\u0430\u0448\u0438\u043d\u0430 \u0437\u0430 \u0434\u0435\u043a\u0430\u0440\u0431\u043e\u043d\u0438\u0437\u0430\u0446\u0438\u0458\u0443 \u0458\u043e\u0448 \u0438\u0437 2017 \u0433\u043e\u0434\u0438\u043d\u0435, \u043a\u043e\u0440\u0438\u0441\u0442\u0435 \u0441\u0435 \u0438 \u0434\u0430\u043d\u0430\u0441.<\/p>\n<p>\u0418\u043c\u0430\u043c \u043d\u0435\u043a\u043e\u043b\u0438\u043a\u043e \u0437\u0430\u0448\u0442\u0438\u0442\u0430 \u0438\u043d\u0442\u0435\u043b\u0435\u043a\u0442\u0443\u0430\u043b\u043d\u0435 \u0441\u0432\u043e\u0458\u0438\u043d\u0435 \u043f\u0430\u0442\u0435\u043d\u0442\u043e\u043c \u0443 \u043e\u0431\u043b\u0430\u0441\u0442\u0438 \u0435\u043b\u0435\u043a\u0442\u0440\u043e\u043b\u0438\u0437\u0435 \u0432\u043e\u0434\u0435.<\/p>\n<p>\u041d\u0430\u0448\u0430 \u0444\u0438\u0440\u043c\u0430 \u0443 \u0441\u0435\u0440\u0438\u0458\u0441\u043a\u043e\u0458 \u043f\u0440\u043e\u0438\u0437\u0432\u043e\u0434\u045a\u0438 \u043f\u0440\u043e\u0438\u0437\u0432\u043e\u0434\u0438 \u0447\u0435\u0442\u0438\u0440\u0438 \u0442\u0438\u043f\u0430 \u0432\u043e\u0434\u043e\u043d\u0438\u043a \u0433\u0435\u043d\u0435\u0440\u0430\u0442\u043e\u0440\u0430 \u0438 \u0442\u0440\u0438 \u0442\u0438\u043f\u0430 \u043c\u0430\u0448\u0438\u043d\u0430 \u0437\u0430 \u0434\u0435\u043a\u0430\u0440\u0431\u043e\u043d\u0438\u0437\u0430\u0446\u0438\u0458\u0443 \u043c\u043e\u0442\u043e\u0440\u0430. \u0422\u0430\u0431\u0435\u043b\u0430 \u043f\u0440\u043e\u0438\u0437\u0432\u043e\u0434\u0430 1 \u0438 2 \u0443 \u043f\u0440\u0438\u043b\u043e\u0433\u0443 \u043f\u043e\u0440\u0443\u043a\u0435.<\/p>\n<p>\u0421\u0432\u0435 \u045b\u0435\u043b\u0438\u0458\u0435 \u043d\u0430 \u043c\u043e\u0458\u0438\u043c \u0432\u043e\u0434\u043e\u043d\u0438\u043a \u0433\u0435\u043d\u0435\u0440\u0430\u0442\u043e\u0440\u0438\u043c\u0430 \u0441\u0443 \u043a\u043e\u043d\u0441\u0442\u0440\u0443\u0438\u0441\u0430\u043d\u0435 \u0443 \u043d\u0430\u043f\u0440\u0435\u0434\u043d\u043e\u0458 \u0442\u0435\u0445\u043d\u043e\u043b\u043e\u0433\u0438\u0458\u0438 \u0438\u0437\u043e\u043b\u043e\u0432\u0430\u043d\u0435 \u0435\u043b\u0435\u043a\u0442\u0440\u043e\u043b\u0438\u0437\u0435 \u0432\u043e\u0434\u0435, \u0441\u0430 \u043c\u0438\u043d\u0438\u043c\u0430\u043b\u043d\u0438\u043c \u0433\u0443\u0431\u0438\u0446\u0438\u043c\u0430 \u0435\u043d\u0435\u0440\u0433\u0438\u0458\u0435 \u0438 \u0441\u0430 \u043c\u0438\u043d\u0438\u043c\u0430\u043b\u043d\u0438\u043c \u0433\u0440\u0435\u0458\u0430\u045a\u0435\u043c. \u0423 \u043d\u0430\u0448\u0438\u043c \u045b\u0435\u043b\u0438\u0458\u0430\u043c\u0430 \u0443 \u0441\u0432\u0438\u043c \u0442\u0438\u043f\u043e\u0432\u0438\u043c\u0430 \u043d\u0430\u0448\u0438\u0445 \u0432\u043e\u0434\u043e\u043d\u0438\u043a \u0433\u0435\u043d\u0435\u0440\u0430\u0442\u043e\u0440\u0430, \u0441\u0435 \u043d\u0435 \u0442\u0440\u043e\u0448\u0435 \u0435\u043b\u0435\u043a\u0442\u0440\u043e\u0434\u0435. \u0414\u0430\u043a\u043b\u0435 \u0442\u043e \u0441\u0443 \u0434\u0443\u0433\u043e\u0442\u0440\u0430\u0458\u043d\u0435 \u045b\u0435\u043b\u0438\u0458\u0435.<\/p>\n<p>[\/et_pb_text][et_pb_button button_text=&#8220;+381 63 777 2663&#8243; _builder_version=&#8220;4.24.0&#8243; _module_preset=&#8220;default&#8220; custom_button=&#8220;on&#8220; button_text_color=&#8220;#FFFFFF&#8220; button_bg_use_color_gradient=&#8220;on&#8220; button_border_radius=&#8220;25px&#8220; global_colors_info=&#8220;{}&#8220;][\/et_pb_button][\/et_pb_column][\/et_pb_row][\/et_pb_section][et_pb_section fb_built=&#8220;1&#8243; _builder_version=&#8220;4.23.4&#8243; _module_preset=&#8220;default&#8220; global_colors_info=&#8220;{}&#8220;][et_pb_row _builder_version=&#8220;4.23.4&#8243; _module_preset=&#8220;default&#8220; global_colors_info=&#8220;{}&#8220;][et_pb_column type=&#8220;4_4&#8243; _builder_version=&#8220;4.23.4&#8243; _module_preset=&#8220;default&#8220; global_colors_info=&#8220;{}&#8220;][et_pb_text _builder_version=&#8220;4.23.4&#8243; _module_preset=&#8220;default&#8220; text_font=&#8220;Roboto||||||||&#8220; text_text_color=&#8220;#000000&#8243; text_font_size=&#8220;16px&#8220; header_2_font=&#8220;Roboto||||||||&#8220; header_2_text_color=&#8220;#000000&#8243; header_2_font_size=&#8220;30px&#8220; global_colors_info=&#8220;{}&#8220;]<\/p>\n<h2 style=\"text-align: left;\"><span style=\"font-weight: 400;\">Istorijski razvoj<\/span><\/h2>\n<p><span style=\"font-weight: 400;\">Pro\u010ditajte kako je izgledao razvoj na\u0161eg poslovanja i na\u0161ih ma\u0161ina<\/span><\/p>\n<p>[\/et_pb_text][\/et_pb_column][\/et_pb_row][et_pb_row column_structure=&#8220;1_3,1_3,1_3&#8243; use_custom_gutter=&#8220;on&#8220; gutter_width=&#8220;1&#8243; make_equal=&#8220;on&#8220; _builder_version=&#8220;4.23.4&#8243; _module_preset=&#8220;default&#8220; global_colors_info=&#8220;{}&#8220;][et_pb_column type=&#8220;1_3&#8243; _builder_version=&#8220;4.23.4&#8243; _module_preset=&#8220;default&#8220; global_colors_info=&#8220;{}&#8220;][et_pb_text _builder_version=&#8220;4.24.0&#8243; _module_preset=&#8220;default&#8220; text_font=&#8220;Roboto||||||||&#8220; text_text_color=&#8220;#000000&#8243; text_font_size=&#8220;16px&#8220; header_2_font=&#8220;Roboto||||||||&#8220; header_2_text_color=&#8220;#000000&#8243; header_2_font_size=&#8220;50px&#8220; global_colors_info=&#8220;{}&#8220;]<\/p>\n<h2 style=\"text-align: center;\"><span style=\"font-weight: 400;\">2008<\/span><\/h2>\n<p>[\/et_pb_text][\/et_pb_column][et_pb_column type=&#8220;1_3&#8243; _builder_version=&#8220;4.23.4&#8243; _module_preset=&#8220;default&#8220; global_colors_info=&#8220;{}&#8220;][et_pb_code _builder_version=&#8220;4.23.4&#8243; _module_preset=&#8220;default&#8220; custom_padding=&#8220;|2px||||&#8220; global_colors_info=&#8220;{}&#8220;]<\/p>\n<style><!-- [et_pb_line_break_holder] -->.body {<!-- [et_pb_line_break_holder] -->  margin: 0;<!-- [et_pb_line_break_holder] -->  display: flex;<!-- [et_pb_line_break_holder] -->  justify-content: center;<!-- [et_pb_line_break_holder] -->  align-items: center;<!-- [et_pb_line_break_holder] -->  height: 160px;<!-- [et_pb_line_break_holder] -->  <!-- [et_pb_line_break_holder] -->}<!-- [et_pb_line_break_holder] --><!-- [et_pb_line_break_holder] -->.line {<!-- [et_pb_line_break_holder] -->  width: 10px;<!-- [et_pb_line_break_holder] -->  height: 160px;<!-- [et_pb_line_break_holder] -->  background-color: black;<!-- [et_pb_line_break_holder] -->}<!-- [et_pb_line_break_holder] --><!-- [et_pb_line_break_holder] -->\/* Media query for screens with a maximum width of 600px (typical mobile devices) *\/<!-- [et_pb_line_break_holder] -->@media only screen and (max-width: 600px) {<!-- [et_pb_line_break_holder] -->  .line {<!-- [et_pb_line_break_holder] -->    width: 100%;<!-- [et_pb_line_break_holder] -->    height: 10px;<!-- [et_pb_line_break_holder] -->    margin: 10px 10px;<!-- [et_pb_line_break_holder] -->  }<!-- [et_pb_line_break_holder] -->}<!-- [et_pb_line_break_holder] -->  <!-- [et_pb_line_break_holder] --><\/style>\n<p><!-- [et_pb_line_break_holder] --><!-- [et_pb_line_break_holder] --><\/p>\n<div class=\"body\"><!-- [et_pb_line_break_holder] --><\/p>\n<div class=\"line\"><\/div>\n<p><!-- [et_pb_line_break_holder] -->  <\/div>\n<p>[\/et_pb_code][\/et_pb_column][et_pb_column type=&#8220;1_3&#8243; _builder_version=&#8220;4.23.4&#8243; _module_preset=&#8220;default&#8220; global_colors_info=&#8220;{}&#8220;][et_pb_text _builder_version=&#8220;4.24.0&#8243; _module_preset=&#8220;default&#8220; text_font=&#8220;Roboto||||||||&#8220; text_text_color=&#8220;#000000&#8243; text_font_size=&#8220;16px&#8220; header_2_font=&#8220;Roboto||||||||&#8220; header_2_text_color=&#8220;#000000&#8243; header_2_font_size=&#8220;30px&#8220; global_colors_info=&#8220;{}&#8220;]<\/p>\n<p><span style=\"font-weight: 400;\">Ove godine smo krenuli da radimo&#8230;<\/span><\/p>\n<p>[\/et_pb_text][\/et_pb_column][\/et_pb_row][\/et_pb_section]<\/p>\n","protected":false},"excerpt":{"rendered":"<p>\u017delimo da vam pomognemo da iskoristite pogon budu\u0107nosti\u00a0 \u041d\u0430\u0448\u0430 \u0444\u0438\u0440\u043c\u0430 \u201eHYDROGEN ENERGY\u201c, \u0441\u0430 \u0441\u0435\u0434\u0438\u0448\u0442\u0435\u043c \u0443 \u0411\u0435\u043e\u0433\u0440\u0430\u0434\u0443, \u0431\u0430\u0432\u0438 \u0441\u0435 \u0438\u0441\u043f\u0438\u0442\u0438\u0432\u0430\u045a\u0435\u043c \u043f\u0440\u0438\u043c\u0435\u043d\u0435 \u0435\u043d\u0435\u0440\u0433\u0438\u0458\u0435 \u0432\u043e\u0434\u043e\u043d\u0438\u043a\u0430, \u0438\u0437\u0443\u0447\u0430\u0432\u0430\u045a\u0435\u043c \u0435\u043b\u0435\u043a\u0442\u0440\u043e\u043b\u0438\u0437\u0435 \u0432\u043e\u0434\u0435, \u043f\u0440\u043e\u043d\u0430\u043b\u0430\u0436\u0435\u045a\u0435\u043c \u043d\u0430\u0458 \u0431\u043e\u0459\u0435 \u0435\u043b\u0435\u043a\u0442\u0440\u043e \u0445\u0435\u043c\u0438\u0458\u0441\u043a\u0435 \u043a\u043e\u043d\u0441\u0442\u0440\u0443\u043a\u0446\u0438\u0458\u0435 \u0433\u0435\u043d\u0435\u0440\u0430\u0442\u043e\u0440\u0430 \u0437\u0430 \u0435\u043b\u0435\u043a\u0442\u0440\u043e\u043b\u0438\u0437\u0443 \u0432\u043e\u0434\u0435 \u0438 \u0441\u0435\u0440\u0438\u0458\u0441\u043a\u043e\u043c \u043f\u0440\u043e\u0438\u0437\u0432\u043e\u0434\u045a\u043e\u043c \u0432\u043e\u0434\u043e\u043d\u0438\u043a \u0433\u0435\u043d\u0435\u0440\u0430\u0442\u043e\u0440\u0430 \u0438 \u043c\u0430\u0448\u0438\u043d\u0430 \u0437\u0430 \u0434\u0435\u043a\u0430\u0440\u0431\u043e\u043d\u0438\u0437\u0430\u0446\u0438\u0458\u0443 \u043c\u043e\u0442\u043e\u0440\u0430.NA\u0160I INOSTRANI PREDSTAVNICI I ZASTUPNICI ZA DR\u017dAVESlovak Republic SECAR BRATISLAVAStreet: Hattalova [&hellip;]<\/p>\n","protected":false},"author":1,"featured_media":0,"parent":0,"menu_order":0,"comment_status":"closed","ping_status":"closed","template":"","meta":{"_et_pb_use_builder":"on","_et_pb_old_content":"","_et_gb_content_width":"","footnotes":""},"class_list":["post-238","page","type-page","status-publish","hentry"],"_links":{"self":[{"href":"https:\/\/hhogas.rs\/index.php\/wp-json\/wp\/v2\/pages\/238","targetHints":{"allow":["GET"]}}],"collection":[{"href":"https:\/\/hhogas.rs\/index.php\/wp-json\/wp\/v2\/pages"}],"about":[{"href":"https:\/\/hhogas.rs\/index.php\/wp-json\/wp\/v2\/types\/page"}],"author":[{"embeddable":true,"href":"https:\/\/hhogas.rs\/index.php\/wp-json\/wp\/v2\/users\/1"}],"replies":[{"embeddable":true,"href":"https:\/\/hhogas.rs\/index.php\/wp-json\/wp\/v2\/comments?post=238"}],"version-history":[{"count":27,"href":"https:\/\/hhogas.rs\/index.php\/wp-json\/wp\/v2\/pages\/238\/revisions"}],"predecessor-version":[{"id":1210,"href":"https:\/\/hhogas.rs\/index.php\/wp-json\/wp\/v2\/pages\/238\/revisions\/1210"}],"wp:attachment":[{"href":"https:\/\/hhogas.rs\/index.php\/wp-json\/wp\/v2\/media?parent=238"}],"curies":[{"name":"wp","href":"https:\/\/api.w.org\/{rel}","templated":true}]}}