{"id":519,"date":"2024-02-05T18:04:44","date_gmt":"2024-02-05T18:04:44","guid":{"rendered":"https:\/\/hhogas.rs\/?page_id=519"},"modified":"2024-03-13T17:08:43","modified_gmt":"2024-03-13T17:08:43","slug":"video-galerija-2","status":"publish","type":"page","link":"https:\/\/hhogas.rs\/index.php\/video-galerija-2\/","title":{"rendered":"Video galerija"},"content":{"rendered":"<p>[et_pb_section fb_built=&#8220;1&#8243; _builder_version=&#8220;4.23.4&#8243; _module_preset=&#8220;default&#8220; min_height=&#8220;100px&#8220; height=&#8220;100px&#8220; hover_enabled=&#8220;0&#8243; global_colors_info=&#8220;{}&#8220; sticky_enabled=&#8220;0&#8243;][et_pb_row _builder_version=&#8220;4.23.4&#8243; _module_preset=&#8220;default&#8220; min_height=&#8220;68px&#8220; global_colors_info=&#8220;{}&#8220;][et_pb_column type=&#8220;4_4&#8243; _builder_version=&#8220;4.23.4&#8243; _module_preset=&#8220;default&#8220; global_colors_info=&#8220;{}&#8220;][et_pb_text _builder_version=&#8220;4.23.4&#8243; _module_preset=&#8220;default&#8220; global_colors_info=&#8220;{}&#8220;]<\/p>\n<h2><strong>TV EMISIJE<\/strong><\/h2>\n<p>[\/et_pb_text][\/et_pb_column][\/et_pb_row][\/et_pb_section][et_pb_section fb_built=&#8220;1&#8243; _builder_version=&#8220;4.23.4&#8243; _module_preset=&#8220;default&#8220; global_colors_info=&#8220;{}&#8220;][et_pb_row column_structure=&#8220;1_2,1_2&#8243; _builder_version=&#8220;4.23.4&#8243; _module_preset=&#8220;default&#8220; global_colors_info=&#8220;{}&#8220;][et_pb_column type=&#8220;1_2&#8243; _builder_version=&#8220;4.23.4&#8243; _module_preset=&#8220;default&#8220; global_colors_info=&#8220;{}&#8220;][et_pb_code _builder_version=&#8220;4.23.4&#8243; _module_preset=&#8220;default&#8220; width=&#8220;100%&#8220; custom_padding=&#8220;|0px||||&#8220; global_colors_info=&#8220;{}&#8220;]<iframe loading=\"lazy\" width=\"560\" height=\"315\" src=\"https:\/\/www.youtube.com\/embed\/6CbiFdNJmzc?si=f9jY_v_0QBdxunTn\" title=\"YouTube video player\" frameborder=\"0\" allow=\"accelerometer; autoplay; clipboard-write; encrypted-media; gyroscope; picture-in-picture; web-share\" allowfullscreen><\/iframe>[\/et_pb_code][\/et_pb_column][et_pb_column type=&#8220;1_2&#8243; _builder_version=&#8220;4.23.4&#8243; _module_preset=&#8220;default&#8220; global_colors_info=&#8220;{}&#8220;][et_pb_text _builder_version=&#8220;4.23.4&#8243; _module_preset=&#8220;default&#8220; min_height=&#8220;27.8px&#8220; custom_margin=&#8220;||-10px|||&#8220; custom_padding=&#8220;||0px|||&#8220; global_colors_info=&#8220;{}&#8220;]<\/p>\n<h3 style=\"text-align: left;\"><strong>EMISIJA GALILEO &#8211; PRVA TV &#8211; 2012. godina<br \/><\/strong><\/h3>\n<p>DOKAZANO 28% u\u0161tede goriva u emisiji <strong>GALILEO<\/strong><\/p>\n<p>PRVA TV TEST potro\u0161nje goriva pokazao je da ugradnjom Vodonik HHO Generatora firme HYDROGEN ENERGY iz Beograda, dobijeno 28% vi\u0161e enrgije iz iste koli\u010dine goriva. \u0160to zna\u010di da mo\u017ee da se pre\u0111e 28% vi\u0161e puta sa istom koli\u010dinom goriva&#8230;<br \/>Pogledajte i uverite se u delovanje HHO gasa&#8230;<br \/>Vozilo tro\u0161i 3,78L goriva na datoj relacji, sa ugra\u0111enim HHO gasom, na istoj relaciji, potro\u0161nja je smanjena za -22% na 2,95L, kao \u0161to ste videli u emisiji&#8230; Ugradnjom dobijeno pove\u0107anje energije goriva za +28% jer je trebalo 22% manje goriva za istu du\u017einu puta&#8230;<\/p>\n<p>[\/et_pb_text][\/et_pb_column][\/et_pb_row][et_pb_row column_structure=&#8220;1_2,1_2&#8243; _builder_version=&#8220;4.23.4&#8243; _module_preset=&#8220;default&#8220; global_colors_info=&#8220;{}&#8220;][et_pb_column type=&#8220;1_2&#8243; _builder_version=&#8220;4.23.4&#8243; _module_preset=&#8220;default&#8220; global_colors_info=&#8220;{}&#8220;][et_pb_code _builder_version=&#8220;4.23.4&#8243; _module_preset=&#8220;default&#8220; global_colors_info=&#8220;{}&#8220;]<iframe loading=\"lazy\" width=\"560\" height=\"315\" src=\"https:\/\/www.youtube.com\/embed\/aLWlctEieq8?si=so2wqSZl72znZist\" title=\"YouTube video player\" frameborder=\"0\" allow=\"accelerometer; autoplay; clipboard-write; encrypted-media; gyroscope; picture-in-picture; web-share\" allowfullscreen><\/iframe>[\/et_pb_code][\/et_pb_column][et_pb_column type=&#8220;1_2&#8243; _builder_version=&#8220;4.23.4&#8243; _module_preset=&#8220;default&#8220; global_colors_info=&#8220;{}&#8220;][et_pb_text _builder_version=&#8220;4.23.4&#8243; _module_preset=&#8220;default&#8220; global_colors_info=&#8220;{}&#8220;]<\/p>\n<h3><strong>EMISIJA EKSPLOZIV &#8211; PRVA TV &#8211; 2012. godina<\/strong><\/h3>\n<p>Emisija promovi\u0161e HHO gas tehnologiju u primeni na motornim vozilima. Vlasnik vozila je taksista beogradskog taksija koji je u profesionalnoj upotrebi prezadovoljan ugradnjom i u\u010dinkom Vodonik Generatora.<\/p>\n<p>[\/et_pb_text][\/et_pb_column][\/et_pb_row][et_pb_row column_structure=&#8220;1_2,1_2&#8243; _builder_version=&#8220;4.23.4&#8243; _module_preset=&#8220;default&#8220; global_colors_info=&#8220;{}&#8220;][et_pb_column type=&#8220;1_2&#8243; _builder_version=&#8220;4.23.4&#8243; _module_preset=&#8220;default&#8220; global_colors_info=&#8220;{}&#8220;][et_pb_code _builder_version=&#8220;4.23.4&#8243; _module_preset=&#8220;default&#8220; global_colors_info=&#8220;{}&#8220;]<iframe loading=\"lazy\" width=\"560\" height=\"315\" src=\"https:\/\/www.youtube.com\/embed\/uvwXhoeLKZM?si=EexPulnqY6DpsNSs\" title=\"YouTube video player\" frameborder=\"0\" allow=\"accelerometer; autoplay; clipboard-write; encrypted-media; gyroscope; picture-in-picture; web-share\" allowfullscreen><\/iframe>[\/et_pb_code][\/et_pb_column][et_pb_column type=&#8220;1_2&#8243; _builder_version=&#8220;4.23.4&#8243; _module_preset=&#8220;default&#8220; global_colors_info=&#8220;{}&#8220;][et_pb_text _builder_version=&#8220;4.23.4&#8243; _module_preset=&#8220;default&#8220; global_colors_info=&#8220;{}&#8220;]<\/p>\n<h3><strong>TV KURIR &#8211; NAU\u010cNA EMISIJA &#8211; 2022. godina<\/strong><\/h3>\n<p>[\/et_pb_text][et_pb_text _builder_version=&#8220;4.23.4&#8243; _module_preset=&#8220;default&#8220; global_colors_info=&#8220;{}&#8220;]<\/p>\n<p>Emisija se bavi prikazivanjem tehnologije HHO gasa i primene na motornim vozilima. Dajemo odgovore na mnoga pitanja u vezi teme vodonika i zakonodavne procedure&#8230;<\/p>\n<p>[\/et_pb_text][\/et_pb_column][\/et_pb_row][et_pb_row column_structure=&#8220;1_2,1_2&#8243; _builder_version=&#8220;4.23.4&#8243; _module_preset=&#8220;default&#8220; global_colors_info=&#8220;{}&#8220;][et_pb_column type=&#8220;1_2&#8243; _builder_version=&#8220;4.23.4&#8243; _module_preset=&#8220;default&#8220; global_colors_info=&#8220;{}&#8220;][et_pb_code _builder_version=&#8220;4.23.4&#8243; _module_preset=&#8220;default&#8220; global_colors_info=&#8220;{}&#8220;]<iframe loading=\"lazy\" width=\"560\" height=\"315\" src=\"https:\/\/www.youtube.com\/embed\/8JmCZ3z3so0?si=9XcbgQuVTX8QOl_c\" title=\"YouTube video player\" frameborder=\"0\" allow=\"accelerometer; autoplay; clipboard-write; encrypted-media; gyroscope; picture-in-picture; web-share\" allowfullscreen><\/iframe>[\/et_pb_code][\/et_pb_column][et_pb_column type=&#8220;1_2&#8243; _builder_version=&#8220;4.23.4&#8243; _module_preset=&#8220;default&#8220; global_colors_info=&#8220;{}&#8220;][et_pb_text _builder_version=&#8220;4.23.4&#8243; _module_preset=&#8220;default&#8220; global_colors_info=&#8220;{}&#8220;]<\/p>\n<h3><strong>TV EMISIJA TOP TRUCK &#8211; 2011. godina<\/strong><\/h3>\n<p>[\/et_pb_text][et_pb_text _builder_version=&#8220;4.23.4&#8243; _module_preset=&#8220;default&#8220; global_colors_info=&#8220;{}&#8220;]<\/p>\n<p>Emisija za kamione i autobuse.<br \/>Prestavljen je proizvod na\u0161e firme, model Vodonik Generatora za kamione i autobuse iz 2010. godine.<br \/>Predstavljena je tehnologija HHO gasa&#8230;<\/p>\n<p>[\/et_pb_text][\/et_pb_column][\/et_pb_row][et_pb_row column_structure=&#8220;1_2,1_2&#8243; _builder_version=&#8220;4.23.4&#8243; _module_preset=&#8220;default&#8220; global_colors_info=&#8220;{}&#8220;][et_pb_column type=&#8220;1_2&#8243; _builder_version=&#8220;4.23.4&#8243; _module_preset=&#8220;default&#8220; global_colors_info=&#8220;{}&#8220;][et_pb_code _builder_version=&#8220;4.24.0&#8243; _module_preset=&#8220;default&#8220; global_colors_info=&#8220;{}&#8220;]<iframe loading=\"lazy\" src=\"https:\/\/www.facebook.com\/plugins\/video.php?height=317&#038;href=https%3A%2F%2Fwww.facebook.com%2FHYDROGEN.ENERGY.BELGRADE%2Fvideos%2F2285116725011488%2F&#038;show_text=false&#038;width=560&#038;t=0\" width=\"560\" height=\"317\" style=\"border:none;overflow:hidden\" scrolling=\"no\" frameborder=\"0\" allowfullscreen=\"true\" allow=\"autoplay; clipboard-write; encrypted-media; picture-in-picture; web-share\" allowFullScreen=\"true\"><\/iframe>[\/et_pb_code][\/et_pb_column][et_pb_column type=&#8220;1_2&#8243; _builder_version=&#8220;4.23.4&#8243; _module_preset=&#8220;default&#8220; global_colors_info=&#8220;{}&#8220;][et_pb_text _builder_version=&#8220;4.24.0&#8243; _module_preset=&#8220;default&#8220; global_colors_info=&#8220;{}&#8220;]<\/p>\n<h4><strong><span>01. februar 2024.<\/span><br \/>Ugradnja Vodonik Generatora tip HG80 <br \/>u vozilo Reno Master 2.3 DCI<\/strong><\/h4>\n<p>[\/et_pb_text][et_pb_text _builder_version=&#8220;4.24.0&#8243; _module_preset=&#8220;default&#8220; global_colors_info=&#8220;{}&#8220;]<\/p>\n<p><span>Ovo je naj manji model na\u0161ih Vodonik Generatora tip HG80, koji proizvodi od 60 do 80 litara HHO gasa na \u010das i namewen je za sva vozila sa dizel ili benzinskim motorima zapremine od 500cm3 do 2500cm3.<\/span><br \/><span>Ugradnjom dobijate:<\/span><br \/><span>\u00a0 \u00a0\u2013 Pove\u0107anje snage do 30%<\/span><span>\u00a0 \u00a0 \u00a0 \u00a0 \u00a0\u00a0<\/span><br \/><span>\u00a0 \u00a0\u2013 U<\/span><span>\u0161tedu dizel i benzin goriva do 30%<br \/><\/span><span>\u00a0 \u00a0\u2013 Smanjenje \u0161tetnih izduvnih gasova do 9<\/span><span>0%<\/span><br \/><span>\u00a0 \u00a0\u2013 Stalna dekarbonizacija motora vodonikom<\/span><br \/><span>\u00a0 \u00a0\u2013 DPF filter smanjuje broj regenracija zbog \u010distijeg sagorevanja<\/span><br \/><span>\u00a0 \u00a0\u2013 Prestaje da tro\u0161i AdBlue (ako ima tu Euro normu)<br \/><\/span><span>\u00a0 \u00a0\u2013 \u010cisti motor, ventile, klipove, EGER ventil, katalizator i td\u2026<\/span><br \/><span>\u00a0 \u00a0\u2013 \u041f\u0430\u0442\u0435\u043d\u0442\u0438\u0440\u0430\u043d \u0438 \u0430\u0442\u0441\u0442\u0438\u0440\u0430\u043d<\/span><br \/><span>\u00a0 \u00a0\u2013 \u0413\u0430\u0440\u0430\u043d\u0446\u0438\u0458\u0430 24 \u043c\u0435\u0441\u0435\u0446\u0430<\/span><\/p>\n<p>[\/et_pb_text][\/et_pb_column][\/et_pb_row][\/et_pb_section][et_pb_section fb_built=&#8220;1&#8243; fullwidth=&#8220;on&#8220; _builder_version=&#8220;4.23.4&#8243; _module_preset=&#8220;default&#8220; global_colors_info=&#8220;{}&#8220;][et_pb_fullwidth_code _builder_version=&#8220;4.23.4&#8243; _module_preset=&#8220;default&#8220; global_colors_info=&#8220;{}&#8220;][\/et_pb_fullwidth_code][\/et_pb_section]<\/p>\n","protected":false},"excerpt":{"rendered":"<p>TV EMISIJEEMISIJA GALILEO &#8211; PRVA TV &#8211; 2012. godina DOKAZANO 28% u\u0161tede goriva u emisiji GALILEO PRVA TV TEST potro\u0161nje goriva pokazao je da ugradnjom Vodonik HHO Generatora firme HYDROGEN ENERGY iz Beograda, dobijeno 28% vi\u0161e enrgije iz iste koli\u010dine goriva. \u0160to zna\u010di da mo\u017ee da se pre\u0111e 28% vi\u0161e puta sa istom koli\u010dinom goriva&#8230;Pogledajte [&hellip;]<\/p>\n","protected":false},"author":1,"featured_media":0,"parent":0,"menu_order":0,"comment_status":"closed","ping_status":"closed","template":"","meta":{"_et_pb_use_builder":"on","_et_pb_old_content":"","_et_gb_content_width":"","footnotes":""},"class_list":["post-519","page","type-page","status-publish","hentry"],"_links":{"self":[{"href":"https:\/\/hhogas.rs\/index.php\/wp-json\/wp\/v2\/pages\/519","targetHints":{"allow":["GET"]}}],"collection":[{"href":"https:\/\/hhogas.rs\/index.php\/wp-json\/wp\/v2\/pages"}],"about":[{"href":"https:\/\/hhogas.rs\/index.php\/wp-json\/wp\/v2\/types\/page"}],"author":[{"embeddable":true,"href":"https:\/\/hhogas.rs\/index.php\/wp-json\/wp\/v2\/users\/1"}],"replies":[{"embeddable":true,"href":"https:\/\/hhogas.rs\/index.php\/wp-json\/wp\/v2\/comments?post=519"}],"version-history":[{"count":22,"href":"https:\/\/hhogas.rs\/index.php\/wp-json\/wp\/v2\/pages\/519\/revisions"}],"predecessor-version":[{"id":1031,"href":"https:\/\/hhogas.rs\/index.php\/wp-json\/wp\/v2\/pages\/519\/revisions\/1031"}],"wp:attachment":[{"href":"https:\/\/hhogas.rs\/index.php\/wp-json\/wp\/v2\/media?parent=519"}],"curies":[{"name":"wp","href":"https:\/\/api.w.org\/{rel}","templated":true}]}}