{"id":703,"date":"2024-02-15T11:19:03","date_gmt":"2024-02-15T11:19:03","guid":{"rendered":"https:\/\/hhogas.rs\/?page_id=703"},"modified":"2024-03-13T20:18:54","modified_gmt":"2024-03-13T20:18:54","slug":"hg80-i-hg150-hg300-i-hg500","status":"publish","type":"page","link":"https:\/\/hhogas.rs\/index.php\/hg80-i-hg150-hg300-i-hg500\/","title":{"rendered":"HG80 i HG150 HG300 i HG500"},"content":{"rendered":"<p>[et_pb_section fb_built=&#8220;1&#8243; _builder_version=&#8220;4.24.0&#8243; _module_preset=&#8220;default&#8220; global_colors_info=&#8220;{}&#8220;][et_pb_row column_structure=&#8220;1_4,1_4,1_4,1_4&#8243; _builder_version=&#8220;4.24.0&#8243; _module_preset=&#8220;default&#8220; custom_padding=&#8220;||0px|||&#8220; global_colors_info=&#8220;{}&#8220;][et_pb_column type=&#8220;1_4&#8243; _builder_version=&#8220;4.24.0&#8243; _module_preset=&#8220;default&#8220; global_colors_info=&#8220;{}&#8220;][et_pb_text _builder_version=&#8220;4.24.0&#8243; _module_preset=&#8220;default&#8220; link_option_url=&#8220;https:\/\/hhogas.rs\/index.php\/hg-80-vodonik-generator\/&#8220; global_colors_info=&#8220;{}&#8220;]<\/p>\n<h4 style=\"text-align: left;\"><strong>Vodonik Generator<br \/>HG80<\/strong><\/h4>\n<p style=\"text-align: left;\"><span>Za automobile, d\u017eipove, kombije, agregate, radne ma\u0161ine, traktore i sva vozila sa svim tipovima dizel i benzinskih motorima zapremine od 500cm\u00b3 do 2.500cm\u00b3<br \/><\/span><span>Proizvodi do 80L \u201eHHO\u201c gasa na \u010das<\/span><\/p>\n<p>[\/et_pb_text][et_pb_image src=&#8220;https:\/\/hhogas.rs\/wp-content\/uploads\/2024\/01\/HG80.jpg&#8220; title_text=&#8220;HG80&#8243; align=&#8220;center&#8220; _builder_version=&#8220;4.24.0&#8243; _module_preset=&#8220;default&#8220; max_height=&#8220;272px&#8220; hover_enabled=&#8220;0&#8243; global_colors_info=&#8220;{}&#8220; sticky_enabled=&#8220;0&#8243; url=&#8220;https:\/\/hhogas.rs\/index.php\/hg-80-vodonik-generator\/&#8220;][\/et_pb_image][et_pb_button button_url=&#8220;https:\/\/hhogas.rs\/index.php\/hg-80-vodonik-generator\/&#8220; button_text=&#8220;Detaljnije Vodonik Generator HG80&#8243; button_alignment=&#8220;center&#8220; _builder_version=&#8220;4.24.0&#8243; _module_preset=&#8220;default&#8220; custom_button=&#8220;on&#8220; button_text_size=&#8220;18px&#8220; button_text_color=&#8220;#FFFFFF&#8220; button_bg_use_color_gradient=&#8220;on&#8220; button_border_radius=&#8220;25px&#8220; button_font=&#8220;Roboto||||||||&#8220; hover_enabled=&#8220;0&#8243; locked=&#8220;off&#8220; global_colors_info=&#8220;{}&#8220; sticky_enabled=&#8220;0&#8243;][\/et_pb_button][\/et_pb_column][et_pb_column type=&#8220;1_4&#8243; _builder_version=&#8220;4.24.0&#8243; _module_preset=&#8220;default&#8220; global_colors_info=&#8220;{}&#8220;][et_pb_text _builder_version=&#8220;4.24.0&#8243; _module_preset=&#8220;default&#8220; link_option_url=&#8220;https:\/\/hhogas.rs\/index.php\/hg-150-vodonik-generator\/&#8220; global_colors_info=&#8220;{}&#8220;]<\/p>\n<h4 style=\"text-align: left;\"><strong>Vodonik Generator HG150<\/strong><\/h4>\n<p style=\"text-align: left;\"><span>Za automobile, d\u017eipove, kombije, manja teretna, rane ma\u0161ine, traktore i sva vozila sa svim tipovima dizel i benzinskih motorima zapremine od 2.500cm\u00b3 do 5.500cm\u00b3<br \/><\/span><span>Proizvodi do 150L \u201eHHO\u201c gasa na \u010das<\/span><\/p>\n<p>[\/et_pb_text][et_pb_image src=&#8220;https:\/\/hhogas.rs\/wp-content\/uploads\/2024\/03\/IMG_20240312_161223.jpg&#8220; title_text=&#8220;IMG_20240312_161223&#8243; align=&#8220;center&#8220; _builder_version=&#8220;4.24.0&#8243; _module_preset=&#8220;default&#8220; hover_enabled=&#8220;0&#8243; global_colors_info=&#8220;{}&#8220; url=&#8220;https:\/\/hhogas.rs\/index.php\/hg-150-vodonik-generator\/&#8220; sticky_enabled=&#8220;0&#8243;][\/et_pb_image][et_pb_button button_url=&#8220;https:\/\/hhogas.rs\/index.php\/hg-150-vodonik-generator\/&#8220; button_text=&#8220;Detaljnije Vodonik Generator HG150&#8243; button_alignment=&#8220;center&#8220; _builder_version=&#8220;4.24.0&#8243; _module_preset=&#8220;default&#8220; custom_button=&#8220;on&#8220; button_text_size=&#8220;18px&#8220; button_text_color=&#8220;#FFFFFF&#8220; button_bg_use_color_gradient=&#8220;on&#8220; button_border_radius=&#8220;25px&#8220; button_font=&#8220;Roboto||||||||&#8220; hover_enabled=&#8220;0&#8243; locked=&#8220;off&#8220; global_colors_info=&#8220;{}&#8220; sticky_enabled=&#8220;0&#8243;][\/et_pb_button][\/et_pb_column][et_pb_column type=&#8220;1_4&#8243; _builder_version=&#8220;4.24.0&#8243; _module_preset=&#8220;default&#8220; global_colors_info=&#8220;{}&#8220;][et_pb_text _builder_version=&#8220;4.24.0&#8243; _module_preset=&#8220;default&#8220; link_option_url=&#8220;https:\/\/hhogas.rs\/index.php\/hg-300-vodonik-generator\/&#8220; global_colors_info=&#8220;{}&#8220;]<\/p>\n<h4 style=\"text-align: left;\"><strong>Vodonik Generator HG300<\/strong><\/h4>\n<p style=\"text-align: left;\"><span>Za kamione, autobuse, agregate, plovila, radne ma\u0161ine i sva vozila sa svim tipovima dizel i benzinskih motorima zapremine od 5.000cm\u00b3 do 10.000cm\u00b3<br \/><\/span><span>Proizvodi do 300L \u201eHHO\u201c gasa na \u010das<\/span><\/p>\n<p>[\/et_pb_text][et_pb_image src=&#8220;https:\/\/hhogas.rs\/wp-content\/uploads\/2024\/01\/HG300.12.jpg&#8220; title_text=&#8220;HG300.12&#8243; align=&#8220;center&#8220; _builder_version=&#8220;4.24.0&#8243; _module_preset=&#8220;default&#8220; max_height=&#8220;295px&#8220; hover_enabled=&#8220;0&#8243; global_colors_info=&#8220;{}&#8220; sticky_enabled=&#8220;0&#8243; url=&#8220;https:\/\/hhogas.rs\/index.php\/hg-300-vodonik-generator\/&#8220;][\/et_pb_image][et_pb_button button_url=&#8220;https:\/\/hhogas.rs\/index.php\/hg-300-vodonik-generator\/&#8220; button_text=&#8220;Detaljnije Vodonik Generator HG300&#8243; button_alignment=&#8220;center&#8220; _builder_version=&#8220;4.24.0&#8243; _module_preset=&#8220;default&#8220; custom_button=&#8220;on&#8220; button_text_size=&#8220;18px&#8220; button_text_color=&#8220;#FFFFFF&#8220; button_bg_use_color_gradient=&#8220;on&#8220; button_border_radius=&#8220;25px&#8220; button_font=&#8220;Roboto||||||||&#8220; hover_enabled=&#8220;0&#8243; locked=&#8220;off&#8220; global_colors_info=&#8220;{}&#8220; sticky_enabled=&#8220;0&#8243;][\/et_pb_button][\/et_pb_column][et_pb_column type=&#8220;1_4&#8243; _builder_version=&#8220;4.24.0&#8243; _module_preset=&#8220;default&#8220; global_colors_info=&#8220;{}&#8220;][et_pb_text _builder_version=&#8220;4.24.0&#8243; _module_preset=&#8220;default&#8220; link_option_url=&#8220;https:\/\/hhogas.rs\/index.php\/hg-500-vodonik-generator\/&#8220; global_colors_info=&#8220;{}&#8220;]<\/p>\n<h4 style=\"text-align: left;\"><strong>Vodonik Generator HG500<\/strong><\/h4>\n<p style=\"text-align: left;\"><span>Za kamione, autobuse, agregate, radne ma\u0161ine, brodove i sva vozila sa svim tipovima dizel i benzinskih motorima zapremine od 10.000cm\u00b3 do 16.000cm\u00b3<br \/><\/span><span>Proizvodi do 500L \u201eHHO\u201c gasa na \u010das<\/span><\/p>\n<p>[\/et_pb_text][et_pb_image src=&#8220;https:\/\/hhogas.rs\/wp-content\/uploads\/2024\/01\/HG500.6.jpg&#8220; title_text=&#8220;HG500.6&#8243; align=&#8220;center&#8220; _builder_version=&#8220;4.24.0&#8243; _module_preset=&#8220;default&#8220; hover_enabled=&#8220;0&#8243; global_colors_info=&#8220;{}&#8220; max_height=&#8220;1000px&#8220; custom_padding=&#8220;||24px||false|false&#8220; sticky_enabled=&#8220;0&#8243; url=&#8220;https:\/\/hhogas.rs\/index.php\/hg-500-vodonik-generator\/&#8220;][\/et_pb_image][et_pb_button button_url=&#8220;https:\/\/hhogas.rs\/index.php\/hg-500-vodonik-generator\/&#8220; button_text=&#8220;Detaljnije Vodonik Generator HG500&#8243; button_alignment=&#8220;center&#8220; _builder_version=&#8220;4.24.0&#8243; _module_preset=&#8220;default&#8220; custom_button=&#8220;on&#8220; button_text_size=&#8220;18px&#8220; button_text_color=&#8220;#FFFFFF&#8220; button_bg_use_color_gradient=&#8220;on&#8220; button_border_radius=&#8220;25px&#8220; button_font=&#8220;Roboto||||||||&#8220; hover_enabled=&#8220;0&#8243; locked=&#8220;off&#8220; global_colors_info=&#8220;{}&#8220; sticky_enabled=&#8220;0&#8243;][\/et_pb_button][\/et_pb_column][\/et_pb_row][\/et_pb_section]<\/p>\n","protected":false},"excerpt":{"rendered":"<p>Vodonik GeneratorHG80 Za automobile, d\u017eipove, kombije, agregate, radne ma\u0161ine, traktore i sva vozila sa svim tipovima dizel i benzinskih motorima zapremine od 500cm\u00b3 do 2.500cm\u00b3Proizvodi do 80L \u201eHHO\u201c gasa na \u010dasVodonik Generator HG150 Za automobile, d\u017eipove, kombije, manja teretna, rane ma\u0161ine, traktore i sva vozila sa svim tipovima dizel i benzinskih motorima zapremine od 2.500cm\u00b3 [&hellip;]<\/p>\n","protected":false},"author":1,"featured_media":0,"parent":0,"menu_order":0,"comment_status":"closed","ping_status":"closed","template":"","meta":{"_et_pb_use_builder":"on","_et_pb_old_content":"","_et_gb_content_width":"","footnotes":""},"class_list":["post-703","page","type-page","status-publish","hentry"],"_links":{"self":[{"href":"https:\/\/hhogas.rs\/index.php\/wp-json\/wp\/v2\/pages\/703","targetHints":{"allow":["GET"]}}],"collection":[{"href":"https:\/\/hhogas.rs\/index.php\/wp-json\/wp\/v2\/pages"}],"about":[{"href":"https:\/\/hhogas.rs\/index.php\/wp-json\/wp\/v2\/types\/page"}],"author":[{"embeddable":true,"href":"https:\/\/hhogas.rs\/index.php\/wp-json\/wp\/v2\/users\/1"}],"replies":[{"embeddable":true,"href":"https:\/\/hhogas.rs\/index.php\/wp-json\/wp\/v2\/comments?post=703"}],"version-history":[{"count":19,"href":"https:\/\/hhogas.rs\/index.php\/wp-json\/wp\/v2\/pages\/703\/revisions"}],"predecessor-version":[{"id":1072,"href":"https:\/\/hhogas.rs\/index.php\/wp-json\/wp\/v2\/pages\/703\/revisions\/1072"}],"wp:attachment":[{"href":"https:\/\/hhogas.rs\/index.php\/wp-json\/wp\/v2\/media?parent=703"}],"curies":[{"name":"wp","href":"https:\/\/api.w.org\/{rel}","templated":true}]}}