{"id":724,"date":"2024-02-15T13:24:10","date_gmt":"2024-02-15T13:24:10","guid":{"rendered":"https:\/\/hhogas.rs\/?page_id=724"},"modified":"2024-03-13T22:14:46","modified_gmt":"2024-03-13T22:14:46","slug":"masine-za-dekarbonizaciju","status":"publish","type":"page","link":"https:\/\/hhogas.rs\/index.php\/masine-za-dekarbonizaciju\/","title":{"rendered":"Ma\u0161ine za dekarbonizaciju"},"content":{"rendered":"<p>[et_pb_section fb_built=&#8220;1&#8243; _builder_version=&#8220;4.24.0&#8243; _module_preset=&#8220;default&#8220; custom_padding=&#8220;2px||0px|||&#8220; global_colors_info=&#8220;{}&#8220;][et_pb_row _builder_version=&#8220;4.24.0&#8243; _module_preset=&#8220;default&#8220; global_colors_info=&#8220;{}&#8220;][et_pb_column type=&#8220;4_4&#8243; _builder_version=&#8220;4.24.0&#8243; _module_preset=&#8220;default&#8220; global_colors_info=&#8220;{}&#8220;][et_pb_text _builder_version=&#8220;4.24.0&#8243; _module_preset=&#8220;default&#8220; global_colors_info=&#8220;{}&#8220;]<\/p>\n<h3 style=\"text-align: center;\"><strong>Ma\u0161ine za dekarbonizaciju motora<\/strong><\/h3>\n<p style=\"text-align: center;\"><span>Imamo serijsku proizvodnju tri tipa ma\u0161ina za dekarbonizaciju motora<br \/>Ove tri ma\u0161ine proizvode koli\u010dinu HHO gasa koji mo\u017ee da \u010disti motore zapremine do 18.000 cm3<\/span><\/p>\n<p style=\"text-align: center;\">Mo\u017eete kupiti ili po ugovoru o fran\u0161izi izajmiti jednu od na\u0161ih ma\u0161ina za dekarbonizaciju motora<\/p>\n<p style=\"text-align: center;\">\n<p>[\/et_pb_text][\/et_pb_column][\/et_pb_row][\/et_pb_section][et_pb_section fb_built=&#8220;1&#8243; _builder_version=&#8220;4.24.0&#8243; _module_preset=&#8220;default&#8220; min_height=&#8220;160.8px&#8220; custom_padding=&#8220;0px||1px|||&#8220; global_colors_info=&#8220;{}&#8220;][et_pb_row column_structure=&#8220;1_3,1_3,1_3&#8243; _builder_version=&#8220;4.24.0&#8243; _module_preset=&#8220;default&#8220; min_height=&#8220;76.8px&#8220; custom_padding=&#8220;||37px|||&#8220; global_colors_info=&#8220;{}&#8220;][et_pb_column type=&#8220;1_3&#8243; _builder_version=&#8220;4.24.0&#8243; _module_preset=&#8220;default&#8220; global_colors_info=&#8220;{}&#8220;][et_pb_text _builder_version=&#8220;4.24.0&#8243; _module_preset=&#8220;default&#8220; min_height=&#8220;36.8px&#8220; link_option_url=&#8220;https:\/\/hhogas.rs\/index.php\/hd1200\/&#8220; hover_enabled=&#8220;0&#8243; global_colors_info=&#8220;{}&#8220; sticky_enabled=&#8220;0&#8243;]<\/p>\n<h2 style=\"text-align: center;\"><strong>HD1200<\/strong><\/h2>\n<p style=\"text-align: center;\">Za motore zapremine do <strong>6.000cm3<\/strong><br \/>Proizvodi <strong>1200<\/strong> litra HHO gasa na \u010das<\/p>\n<p>[\/et_pb_text][et_pb_image src=&#8220;https:\/\/hhogas.rs\/wp-content\/uploads\/2024\/03\/IMG_20240312_131305.png&#8220; _builder_version=&#8220;4.24.0&#8243; _module_preset=&#8220;default&#8220; title_text=&#8220;IMG_20240312_131305&#8243; hover_enabled=&#8220;0&#8243; sticky_enabled=&#8220;0&#8243; max_height=&#8220;325px&#8220; module_alignment=&#8220;center&#8220; align=&#8220;center&#8220; url=&#8220;https:\/\/hhogas.rs\/index.php\/hd1200\/&#8220;][\/et_pb_image][et_pb_button button_url=&#8220;https:\/\/hhogas.rs\/index.php\/hd1200\/&#8220; button_text=&#8220;Detaljnije o ma\u0161ini HD1200&#8243; button_alignment=&#8220;center&#8220; _builder_version=&#8220;4.24.0&#8243; _module_preset=&#8220;default&#8220; custom_button=&#8220;on&#8220; button_text_size=&#8220;18px&#8220; button_text_color=&#8220;#FFFFFF&#8220; button_bg_use_color_gradient=&#8220;on&#8220; button_border_radius=&#8220;25px&#8220; button_font=&#8220;Roboto||||||||&#8220; locked=&#8220;off&#8220; global_colors_info=&#8220;{}&#8220;][\/et_pb_button][\/et_pb_column][et_pb_column type=&#8220;1_3&#8243; _builder_version=&#8220;4.24.0&#8243; _module_preset=&#8220;default&#8220; global_colors_info=&#8220;{}&#8220;][et_pb_text _builder_version=&#8220;4.24.0&#8243; _module_preset=&#8220;default&#8220; link_option_url=&#8220;https:\/\/hhogas.rs\/index.php\/hd2400\/&#8220; global_colors_info=&#8220;{}&#8220; custom_padding=&#8220;||0px|||&#8220;]<\/p>\n<h2 style=\"text-align: center;\"><span><strong>HD2400<\/strong> <\/span><\/h2>\n<p style=\"text-align: center;\"><span>Za motore zapremine do <strong>12.000cm3<\/strong><br \/><\/span><span>Proizvodi <strong>2400<\/strong> litra HHO gasa na \u010das<\/span><\/p>\n<p>[\/et_pb_text][et_pb_image src=&#8220;https:\/\/hhogas.rs\/wp-content\/uploads\/2024\/03\/HD2400.jpg&#8220; _builder_version=&#8220;4.24.0&#8243; _module_preset=&#8220;default&#8220; title_text=&#8220;HD2400&#8243; hover_enabled=&#8220;0&#8243; sticky_enabled=&#8220;0&#8243; align=&#8220;center&#8220; max_height=&#8220;325px&#8220; url=&#8220;https:\/\/hhogas.rs\/index.php\/hd2400\/&#8220;][\/et_pb_image][et_pb_button button_url=&#8220;https:\/\/hhogas.rs\/index.php\/hd2400\/&#8220; button_text=&#8220;Detaljnije o ma\u0161ini HD2400&#8243; button_alignment=&#8220;center&#8220; _builder_version=&#8220;4.24.0&#8243; _module_preset=&#8220;default&#8220; custom_button=&#8220;on&#8220; button_text_size=&#8220;18px&#8220; button_text_color=&#8220;#FFFFFF&#8220; button_bg_use_color_gradient=&#8220;on&#8220; button_border_radius=&#8220;25px&#8220; button_font=&#8220;Roboto||||||||&#8220; hover_enabled=&#8220;0&#8243; locked=&#8220;off&#8220; global_colors_info=&#8220;{}&#8220; sticky_enabled=&#8220;0&#8243;][\/et_pb_button][\/et_pb_column][et_pb_column type=&#8220;1_3&#8243; _builder_version=&#8220;4.24.0&#8243; _module_preset=&#8220;default&#8220; global_colors_info=&#8220;{}&#8220;][et_pb_text _builder_version=&#8220;4.24.0&#8243; _module_preset=&#8220;default&#8220; min_height=&#8220;45.8px&#8220; custom_padding=&#8220;||9px|||&#8220; link_option_url=&#8220;https:\/\/hhogas.rs\/index.php\/hd3600\/&#8220; global_colors_info=&#8220;{}&#8220;]<\/p>\n<h2 style=\"text-align: center;\"><strong>HD3600<\/strong><\/h2>\n<p style=\"text-align: center;\">Za motore zapremine do <strong>18.000cm3<\/strong><br \/>Proizvodi <strong>3600 <\/strong>litra HHO gasa na \u010das<\/p>\n<p>[\/et_pb_text][et_pb_image src=&#8220;https:\/\/hhogas.rs\/wp-content\/uploads\/2024\/03\/HD3600.jpg&#8220; _builder_version=&#8220;4.24.0&#8243; _module_preset=&#8220;default&#8220; title_text=&#8220;HD3600&#8243; align=&#8220;center&#8220; max_height=&#8220;315px&#8220; hover_enabled=&#8220;0&#8243; sticky_enabled=&#8220;0&#8243; url=&#8220;https:\/\/hhogas.rs\/index.php\/hd3600\/&#8220;][\/et_pb_image][et_pb_button button_url=&#8220;https:\/\/hhogas.rs\/index.php\/hd3600\/&#8220; button_text=&#8220;Detaljnije o ma\u0161ini HD3600&#8243; button_alignment=&#8220;center&#8220; _builder_version=&#8220;4.24.0&#8243; _module_preset=&#8220;default&#8220; custom_button=&#8220;on&#8220; button_text_size=&#8220;18px&#8220; button_text_color=&#8220;#FFFFFF&#8220; button_bg_use_color_gradient=&#8220;on&#8220; button_border_radius=&#8220;25px&#8220; button_font=&#8220;Roboto||||||||&#8220; locked=&#8220;off&#8220; global_colors_info=&#8220;{}&#8220;][\/et_pb_button][\/et_pb_column][\/et_pb_row][\/et_pb_section]<\/p>\n","protected":false},"excerpt":{"rendered":"<p>Ma\u0161ine za dekarbonizaciju motora Imamo serijsku proizvodnju tri tipa ma\u0161ina za dekarbonizaciju motoraOve tri ma\u0161ine proizvode koli\u010dinu HHO gasa koji mo\u017ee da \u010disti motore zapremine do 18.000 cm3 Mo\u017eete kupiti ili po ugovoru o fran\u0161izi izajmiti jednu od na\u0161ih ma\u0161ina za dekarbonizaciju motora HD1200 Za motore zapremine do 6.000cm3Proizvodi 1200 litra HHO gasa na \u010dasHD2400 [&hellip;]<\/p>\n","protected":false},"author":1,"featured_media":0,"parent":0,"menu_order":0,"comment_status":"closed","ping_status":"closed","template":"","meta":{"_et_pb_use_builder":"on","_et_pb_old_content":"","_et_gb_content_width":"","footnotes":""},"class_list":["post-724","page","type-page","status-publish","hentry"],"_links":{"self":[{"href":"https:\/\/hhogas.rs\/index.php\/wp-json\/wp\/v2\/pages\/724","targetHints":{"allow":["GET"]}}],"collection":[{"href":"https:\/\/hhogas.rs\/index.php\/wp-json\/wp\/v2\/pages"}],"about":[{"href":"https:\/\/hhogas.rs\/index.php\/wp-json\/wp\/v2\/types\/page"}],"author":[{"embeddable":true,"href":"https:\/\/hhogas.rs\/index.php\/wp-json\/wp\/v2\/users\/1"}],"replies":[{"embeddable":true,"href":"https:\/\/hhogas.rs\/index.php\/wp-json\/wp\/v2\/comments?post=724"}],"version-history":[{"count":19,"href":"https:\/\/hhogas.rs\/index.php\/wp-json\/wp\/v2\/pages\/724\/revisions"}],"predecessor-version":[{"id":1079,"href":"https:\/\/hhogas.rs\/index.php\/wp-json\/wp\/v2\/pages\/724\/revisions\/1079"}],"wp:attachment":[{"href":"https:\/\/hhogas.rs\/index.php\/wp-json\/wp\/v2\/media?parent=724"}],"curies":[{"name":"wp","href":"https:\/\/api.w.org\/{rel}","templated":true}]}}