{"id":737,"date":"2024-02-15T13:36:56","date_gmt":"2024-02-15T13:36:56","guid":{"rendered":"https:\/\/hhogas.rs\/?page_id=737"},"modified":"2025-01-16T20:13:56","modified_gmt":"2025-01-16T20:13:56","slug":"hd3600","status":"publish","type":"page","link":"https:\/\/hhogas.rs\/index.php\/hd3600\/","title":{"rendered":"HD3600"},"content":{"rendered":"<p>[et_pb_section fb_built=&#8220;1&#8243; make_equal=&#8220;on&#8220; use_custom_gutter=&#8220;on&#8220; specialty=&#8220;on&#8220; _builder_version=&#8220;4.22.2&#8243; _module_preset=&#8220;default&#8220; global_colors_info=&#8220;{}&#8220;][et_pb_column type=&#8220;1_2&#8243; _builder_version=&#8220;4.16&#8243; custom_padding=&#8220;|||&#8220; global_colors_info=&#8220;{}&#8220; custom_padding__hover=&#8220;|||&#8220;][et_pb_image src=&#8220;https:\/\/hhogas.rs\/wp-content\/uploads\/2024\/03\/HD3600.jpg&#8220; title_text=&#8220;HD3600&#8243; _builder_version=&#8220;4.24.0&#8243; _module_preset=&#8220;default&#8220; width=&#8220;87%&#8220; global_colors_info=&#8220;{}&#8220;][\/et_pb_image][\/et_pb_column][et_pb_column type=&#8220;1_2&#8243; specialty_columns=&#8220;2&#8243; _builder_version=&#8220;4.16&#8243; custom_padding=&#8220;|||&#8220; global_colors_info=&#8220;{}&#8220; custom_padding__hover=&#8220;|||&#8220;][et_pb_row_inner _builder_version=&#8220;4.22.2&#8243; _module_preset=&#8220;default&#8220; global_colors_info=&#8220;{}&#8220;][et_pb_column_inner saved_specialty_column_type=&#8220;1_2&#8243; _builder_version=&#8220;4.22.2&#8243; _module_preset=&#8220;default&#8220; global_colors_info=&#8220;{}&#8220;][et_pb_text _builder_version=&#8220;4.22.2&#8243; _module_preset=&#8220;default&#8220; text_font=&#8220;Roboto||||||||&#8220; text_text_color=&#8220;#000000&#8243; text_font_size=&#8220;16px&#8220; header_2_font=&#8220;Roboto||||||||&#8220; header_2_text_color=&#8220;#000000&#8243; header_2_font_size=&#8220;30px&#8220; global_colors_info=&#8220;{}&#8220;]<\/p>\n<h2><span>MA\u0160INA ZA DEKARBONIZACIJU HD3600<\/span><\/h2>\n<p>&nbsp;<\/p>\n<ul>\n<li>Osnovni model ma\u0161ine za dekarbonizaciju motora tip HD3600 proizvodi do 3600L \u201eHHO\u201c gasa na \u010das<\/li>\n<li><span>Namenjena je za uslugu \u010di\u0161\u0107enja motora vodonikom<\/span><\/li>\n<li><span>Za automobile, d\u017eipove, kombije, manje kamione, autobuse, agregate, radne ma\u0161ine i sva vozila sa svim tipovima dizel i benzinskih motorima zapremine od 500cm\u00b3 do 18.000cm\u00b3<\/span><\/li>\n<li><span>Dekarbonizacijim dobijate:<br \/>\u00a0 \u00a0\u2013 Smanjenje \u0161tetnih izduvnih gasova do 9<span>0%<\/span><\/span><br \/>\u00a0 \u00a0\u2013\u00a0<span>Pove\u0107anje snage<br \/><\/span>\u00a0 \u00a0\u2013 U<span>\u0161tedu dizel i benzin goriva<\/span><br \/>\u00a0 \u00a0\u2013 DPF filter smanjuje broj regenracija zbog \u010distijeg sagorevanja<br \/>\u00a0 \u00a0\u2013 Smanjuje potro\u0161nju AdBlue (ako ima tu Euro normu)\n<p>\u00a0 \u00a0\u2013 \u010cisti motor, ventile, klipove, EGER ventil, katalizator i td\u2026<br \/>\u00a0 \u00a0\u2013 Patentiran i atestiran proiyvod<br \/><span>\u00a0 \u00a0\u2013 Garancija 24 meseca<\/span><\/p>\n<\/li>\n<\/ul>\n<p>[\/et_pb_text][\/et_pb_column_inner][\/et_pb_row_inner][et_pb_row_inner column_structure=&#8220;1_2,1_2&#8243; _builder_version=&#8220;4.22.2&#8243; _module_preset=&#8220;default&#8220; global_colors_info=&#8220;{}&#8220;][et_pb_column_inner type=&#8220;1_2&#8243; saved_specialty_column_type=&#8220;1_2&#8243; _builder_version=&#8220;4.22.2&#8243; _module_preset=&#8220;default&#8220; global_colors_info=&#8220;{}&#8220;][et_pb_button button_text=&#8220;+381 63 777 2663&#8243; button_alignment=&#8220;left&#8220; _builder_version=&#8220;4.24.0&#8243; _module_preset=&#8220;default&#8220; custom_button=&#8220;on&#8220; button_text_color=&#8220;#FFFFFF&#8220; button_bg_use_color_gradient=&#8220;on&#8220; button_border_radius=&#8220;25px&#8220; button_font=&#8220;Roboto||||||||&#8220; global_colors_info=&#8220;{}&#8220;][\/et_pb_button][\/et_pb_column_inner][et_pb_column_inner type=&#8220;1_2&#8243; saved_specialty_column_type=&#8220;1_2&#8243; _builder_version=&#8220;4.22.2&#8243; _module_preset=&#8220;default&#8220; global_colors_info=&#8220;{}&#8220;][\/et_pb_column_inner][\/et_pb_row_inner][\/et_pb_column][\/et_pb_section]<\/p>\n","protected":false},"excerpt":{"rendered":"<p>MA\u0160INA ZA DEKARBONIZACIJU HD3600 &nbsp; Osnovni model ma\u0161ine za dekarbonizaciju motora tip HD3600 proizvodi do 3600L \u201eHHO\u201c gasa na \u010das Namenjena je za uslugu \u010di\u0161\u0107enja motora vodonikom Za automobile, d\u017eipove, kombije, manje kamione, autobuse, agregate, radne ma\u0161ine i sva vozila sa svim tipovima dizel i benzinskih motorima zapremine od 500cm\u00b3 do 18.000cm\u00b3 Dekarbonizacijim dobijate:\u00a0 \u00a0\u2013 [&hellip;]<\/p>\n","protected":false},"author":1,"featured_media":0,"parent":0,"menu_order":0,"comment_status":"closed","ping_status":"closed","template":"","meta":{"_et_pb_use_builder":"on","_et_pb_old_content":"","_et_gb_content_width":"","footnotes":""},"class_list":["post-737","page","type-page","status-publish","hentry"],"_links":{"self":[{"href":"https:\/\/hhogas.rs\/index.php\/wp-json\/wp\/v2\/pages\/737","targetHints":{"allow":["GET"]}}],"collection":[{"href":"https:\/\/hhogas.rs\/index.php\/wp-json\/wp\/v2\/pages"}],"about":[{"href":"https:\/\/hhogas.rs\/index.php\/wp-json\/wp\/v2\/types\/page"}],"author":[{"embeddable":true,"href":"https:\/\/hhogas.rs\/index.php\/wp-json\/wp\/v2\/users\/1"}],"replies":[{"embeddable":true,"href":"https:\/\/hhogas.rs\/index.php\/wp-json\/wp\/v2\/comments?post=737"}],"version-history":[{"count":7,"href":"https:\/\/hhogas.rs\/index.php\/wp-json\/wp\/v2\/pages\/737\/revisions"}],"predecessor-version":[{"id":1213,"href":"https:\/\/hhogas.rs\/index.php\/wp-json\/wp\/v2\/pages\/737\/revisions\/1213"}],"wp:attachment":[{"href":"https:\/\/hhogas.rs\/index.php\/wp-json\/wp\/v2\/media?parent=737"}],"curies":[{"name":"wp","href":"https:\/\/api.w.org\/{rel}","templated":true}]}}