{"id":754,"date":"2024-02-29T08:55:42","date_gmt":"2024-02-29T08:55:42","guid":{"rendered":"https:\/\/hhogas.rs\/?page_id=754"},"modified":"2024-03-13T08:53:41","modified_gmt":"2024-03-13T08:53:41","slug":"dekarbonizacija","status":"publish","type":"page","link":"https:\/\/hhogas.rs\/index.php\/dekarbonizacija\/","title":{"rendered":"Dekarbonizacija"},"content":{"rendered":"<p>[et_pb_section fb_built=&#8220;1&#8243; _builder_version=&#8220;4.24.0&#8243; _module_preset=&#8220;default&#8220; global_colors_info=&#8220;{}&#8220;][et_pb_row _builder_version=&#8220;4.24.0&#8243; _module_preset=&#8220;default&#8220; column_structure=&#8220;3_5,2_5&#8243;][et_pb_column _builder_version=&#8220;4.24.0&#8243; _module_preset=&#8220;default&#8220; type=&#8220;3_5&#8243;][et_pb_button button_text=&#8220;           KUPITE MA\u0160INU ZA DEKARBONIZACIJU MOTORA               &#8220; button_alignment=&#8220;left&#8220; _builder_version=&#8220;4.24.0&#8243; _module_preset=&#8220;default&#8220; custom_button=&#8220;on&#8220; button_text_color=&#8220;#FFFFFF&#8220; button_bg_use_color_gradient=&#8220;on&#8220; button_border_radius=&#8220;25px&#8220; button_font=&#8220;Roboto||||||||&#8220; hover_enabled=&#8220;0&#8243; global_colors_info=&#8220;{}&#8220; sticky_enabled=&#8220;0&#8243; locked=&#8220;off&#8220; button_url=&#8220;https:\/\/hhogas.rs\/index.php\/masine-za-dekarbonizaciju\/&#8220; button_border_width=&#8220;2px&#8220; custom_padding=&#8220;0px||||false|false&#8220; custom_margin=&#8220;0px|||0px|false|false&#8220;][\/et_pb_button][et_pb_text _builder_version=&#8220;4.24.0&#8243; _module_preset=&#8220;default&#8220; hover_enabled=&#8220;0&#8243; sticky_enabled=&#8220;0&#8243;]<\/p>\n<p><span>Imamo u ponudi tri tipa ma\u0161ina za dekarbomnizaciju motora:<\/span><\/p>\n<p><strong>HD1200<\/strong><span>\u00a0<\/span>za motore zapremine do 6.000cm3<\/p>\n<p><strong>HD2400<\/strong>\u00a0<span>za motore zapremine do 12.000cm3<\/span><\/p>\n<p><span><strong>HD3600<\/strong>\u00a0<\/span><span>za motore zapremine do 18.000cm3<\/span><\/p>\n<p>[\/et_pb_text][\/et_pb_column][et_pb_column _builder_version=&#8220;4.24.0&#8243; _module_preset=&#8220;default&#8220; type=&#8220;2_5&#8243;][et_pb_image src=&#8220;https:\/\/hhogas.rs\/wp-content\/uploads\/2024\/03\/IMG_20240312_131305.png&#8220; _builder_version=&#8220;4.24.0&#8243; _module_preset=&#8220;default&#8220; title_text=&#8220;IMG_20240312_131305&#8243; max_height=&#8220;220px&#8220; hover_enabled=&#8220;0&#8243; sticky_enabled=&#8220;0&#8243; align=&#8220;center&#8220; url=&#8220;https:\/\/hhogas.rs\/index.php\/masine-za-dekarbonizaciju\/&#8220;][\/et_pb_image][\/et_pb_column][\/et_pb_row][et_pb_row _builder_version=&#8220;4.24.0&#8243; _module_preset=&#8220;default&#8220; column_structure=&#8220;3_5,2_5&#8243;][et_pb_column _builder_version=&#8220;4.24.0&#8243; _module_preset=&#8220;default&#8220; type=&#8220;3_5&#8243;][et_pb_button button_text=&#8220;DEKARBONIZACIJA &#8211; USLUGA \u010cI\u0160\u0106ENJA MOTORA VODONIKOM&#8220; button_alignment=&#8220;left&#8220; _builder_version=&#8220;4.24.0&#8243; _module_preset=&#8220;default&#8220; custom_button=&#8220;on&#8220; button_text_color=&#8220;#FFFFFF&#8220; button_bg_use_color_gradient=&#8220;on&#8220; button_border_radius=&#8220;25px&#8220; button_font=&#8220;Roboto||||||||&#8220; hover_enabled=&#8220;0&#8243; global_colors_info=&#8220;{}&#8220; sticky_enabled=&#8220;0&#8243; locked=&#8220;off&#8220; button_url=&#8220;https:\/\/hhogas.rs\/index.php\/usluga-dekarbonizacija-motora\/&#8220;][\/et_pb_button][et_pb_text _builder_version=&#8220;4.24.0&#8243; _module_preset=&#8220;default&#8220; hover_enabled=&#8220;0&#8243; sticky_enabled=&#8220;0&#8243;]<\/p>\n<h5>Pozovite i zaka\u017eite uslugu dekarbonizacije motora vodonikm<\/h5>\n<h5>u jednom od na\u0161ih estvisa za dekarbonizuaciju motora<\/h5>\n<h5>na telefonaki borij 063 777 2663<\/h5>\n<p>[\/et_pb_text][\/et_pb_column][et_pb_column _builder_version=&#8220;4.24.0&#8243; _module_preset=&#8220;default&#8220; type=&#8220;2_5&#8243;][et_pb_image src=&#8220;https:\/\/hhogas.rs\/wp-content\/uploads\/2024\/03\/IMG_20220701_095017-scaled.jpg&#8220; _builder_version=&#8220;4.24.0&#8243; _module_preset=&#8220;default&#8220; title_text=&#8220;IMG_20220701_095017&#8243; max_height=&#8220;220px&#8220; hover_enabled=&#8220;0&#8243; sticky_enabled=&#8220;0&#8243; align=&#8220;center&#8220; url=&#8220;https:\/\/hhogas.rs\/index.php\/usluga-dekarbonizacija-motora\/&#8220;][\/et_pb_image][\/et_pb_column][\/et_pb_row][\/et_pb_section]<\/p>\n","protected":false},"excerpt":{"rendered":"<p>Imamo u ponudi tri tipa ma\u0161ina za dekarbomnizaciju motora: HD1200\u00a0za motore zapremine do 6.000cm3 HD2400\u00a0za motore zapremine do 12.000cm3 HD3600\u00a0za motore zapremine do 18.000cm3Pozovite i zaka\u017eite uslugu dekarbonizacije motora vodonikm u jednom od na\u0161ih estvisa za dekarbonizuaciju motora na telefonaki borij 063 777 2663<\/p>\n","protected":false},"author":2,"featured_media":0,"parent":0,"menu_order":0,"comment_status":"closed","ping_status":"closed","template":"","meta":{"_et_pb_use_builder":"on","_et_pb_old_content":"<!-- wp:paragraph -->\n<p>Proizvodimo tri tipa ma\u0161ina za dekarbonizaciju motora<br>Vidite detaljnije<\/p>\n<!-- \/wp:paragraph -->","_et_gb_content_width":"","footnotes":""},"class_list":["post-754","page","type-page","status-publish","hentry"],"_links":{"self":[{"href":"https:\/\/hhogas.rs\/index.php\/wp-json\/wp\/v2\/pages\/754","targetHints":{"allow":["GET"]}}],"collection":[{"href":"https:\/\/hhogas.rs\/index.php\/wp-json\/wp\/v2\/pages"}],"about":[{"href":"https:\/\/hhogas.rs\/index.php\/wp-json\/wp\/v2\/types\/page"}],"author":[{"embeddable":true,"href":"https:\/\/hhogas.rs\/index.php\/wp-json\/wp\/v2\/users\/2"}],"replies":[{"embeddable":true,"href":"https:\/\/hhogas.rs\/index.php\/wp-json\/wp\/v2\/comments?post=754"}],"version-history":[{"count":28,"href":"https:\/\/hhogas.rs\/index.php\/wp-json\/wp\/v2\/pages\/754\/revisions"}],"predecessor-version":[{"id":986,"href":"https:\/\/hhogas.rs\/index.php\/wp-json\/wp\/v2\/pages\/754\/revisions\/986"}],"wp:attachment":[{"href":"https:\/\/hhogas.rs\/index.php\/wp-json\/wp\/v2\/media?parent=754"}],"curies":[{"name":"wp","href":"https:\/\/api.w.org\/{rel}","templated":true}]}}